{"id":101,"date":"2019-01-16T16:24:51","date_gmt":"2019-01-16T16:24:51","guid":{"rendered":"http:\/\/s16.tarhely.com\/~obudamat\/?page_id=101"},"modified":"2024-10-20T17:56:10","modified_gmt":"2024-10-20T17:56:10","slug":"rolunk-2","status":"publish","type":"page","link":"https:\/\/www.obudamatek.hu\/en\/rolunk-2\/","title":{"rendered":"About Us"},"content":{"rendered":"<p><strong>Tutors of the Thales Circle<\/strong>\u00a0have been hosting students in mathematics, physics, chemistry, Hungarian and history for more than 30 years.<br>The founders of the Thales Circle are Lajos J\u00f3n\u00e1s (Uncle Lajos) and Mrs Lajos J\u00f3n\u00e1s (Aunt Gabi). <\/p>\n\n\n\n<p>Since 2022, Alexandra Szatm\u00e1ri, the daughter of Aunt Gabi, has also been working in the company. She graduated in 2024 with a degree in mathematics from ELTE, in addition to her 1998 degree in economics (Corvinus).<\/p>\n\n\n\n<div class=\"wp-block-columns has-2-columns is-layout-flex wp-container-core-columns-is-layout-9d6595d7 wp-block-columns-is-layout-flex\">\n<div class=\"wp-block-column is-layout-flow wp-block-column-is-layout-flow\">\n<p><strong>The way of teaching:<\/strong><br>Preparation and tutoring takes place in small groups of two to three students every weekday afternoon, and on request on Saturday mornings.<\/p>\n\n\n\n<p><\/p>\n\n\n\n<p>1.&nbsp;<strong>Mathematics&nbsp;<\/strong>and&nbsp;<strong>Hungarian grammar and literature&nbsp;<\/strong>preparatory secondary school in small groups of 3,&nbsp;<strong>tailored to the individual<\/strong>.<br>We will also be preparing for the Secondary School Vocabulary Test between 20 January and 15 March in all subjects: Hungarian, History, Mathematics, Physics, Chemistry, Biology, English, German, Computer Science\/Digital Culture.<\/p>\n\n\n\n<p>2.&nbsp;<strong>Baccalaureate preparation<\/strong>&nbsp;in mathematics, Hungarian, physics, chemistry&nbsp;<strong>at middle<\/strong>&nbsp;and&nbsp;<strong>at the advanced level<\/strong>&nbsp;as well. We offer intermediate level preparation in history, biology and geography.<\/p>\n\n\n\n<p>3.&nbsp;<strong>Tutoring<\/strong>, gap-filling, competition preparation:<br>-Mathematics&nbsp;<br>-Physics&nbsp;<br>-Chemistry&nbsp;<br>-Hungarian grammar and literature<br>-Geography<br>-Biology<br>-English language<br>-German language<br>-Italian language<\/p>\n\n\n\n<p>In any combination of subjects, with teachers (small groups of 3, individually tailored).\u00a0<\/p>\n\n\n\n<p>Apply soon, because the time until admission is very short and places will fill up quickly!&nbsp;<\/p>\n\n\n\n<p>Times: on weekdays from 14:00-17:30 (2-2 lessons),\u00a0<br>Saturdays 8:45-11:00 or 11:00-13:15 (3-3 lessons).\u00a0<\/p>\n\n\n\n<p>We also offer classes during the autumn, winter and spring school holidays!<\/p>\n\n\n\n<p>3.&nbsp;<strong>Opportunity to correct&nbsp;<\/strong>in the other subjects (your average is also very important, not just a good written one in January).<\/p>\n\n\n\n<p>Our hourly rate: 6000Ft per lesson (12.000Ft\/90 minutes, 18.000Ft\/135min).<br><\/p>\n<\/div>\n<\/div>\n\n\n\n<p>Thales Circle has an excellent success rate, with 90% of students who apply for our admission tests getting into the first secondary school they apply to. We have a similar success rate in university admissions.<\/p>\n\n\n\n<p>Getting into the right school can determine your fate for life. We therefore believe that&nbsp;<strong>learning is the best investment!<\/strong><\/p>\n\n\n\n<p><strong>Location:<\/strong>\u00a0In \u00d3BUDA, on V\u00f6r\u00f6sv\u00e1ri road (at the stop of the tram number one Medical Clinic, opposite McDonalds).<br>Phone number: 36 (20) 9248-006 (available all day)<br>We adapt to students' timetables and schedules.<\/p>\n\n\n\n<p><strong>Our articles and statements from the press:<\/strong><\/p>\n\n\n\n<blockquote class=\"wp-block-quote is-layout-flow wp-block-quote-is-layout-flow\">\n<figure class=\"wp-block-embed is-type-wp-embed is-provider-gyerekszoba wp-block-embed-gyerekszoba\"><div class=\"wp-block-embed__wrapper\">\n<blockquote class=\"wp-embedded-content\" data-secret=\"cXFh2b6SN5\"><a href=\"https:\/\/gyerekszoba.hu\/kamasz\/kozepiskolai-felveteli-felkeszules-gyakori-hibak-tanulasi-trukkok\/\">K\u00f6z\u00e9piskolai felv\u00e9telire k\u00e9sz\u00fcl a gyerek? Ezeket a hib\u00e1kat ne k\u00f6vess\u00e9tek el a szak\u00e9rt\u0151 szerint<\/a><\/blockquote><iframe loading=\"lazy\" class=\"wp-embedded-content\" sandbox=\"allow-scripts\" security=\"restricted\" style=\"position: absolute; visibility: hidden;\" title=\"&#8220;K\u00f6z\u00e9piskolai felv\u00e9telire k\u00e9sz\u00fcl a gyerek? Ezeket a hib\u00e1kat ne k\u00f6vess\u00e9tek el a szak\u00e9rt\u0151 szerint&#8221; &#8212; Gyerekszoba\" src=\"https:\/\/gyerekszoba.hu\/kamasz\/kozepiskolai-felveteli-felkeszules-gyakori-hibak-tanulasi-trukkok\/embed\/#?secret=U5c9OW24oY#?secret=cXFh2b6SN5\" data-secret=\"cXFh2b6SN5\" width=\"600\" height=\"338\" frameborder=\"0\" marginwidth=\"0\" marginheight=\"0\" scrolling=\"no\"><\/iframe>\n<\/div><\/figure>\n<\/blockquote>\n\n\n\n<p><a href=\"\/wp-content\/uploads\/2019\/01\/Nepszabadsag_2007_01__pages197-197.pdf\">Teachers in private - N\u00e9pszabads\u00e1g, 11 January 2007.<\/a><\/p>\n\n\n\n<p><a href=\"\/wp-content\/uploads\/2019\/01\/Hetilap_-Mag\u00e1ntan\u00e1rok-\u2013-felv\u00e9telihez-n\u00e9lk\u00fcl\u00f6zhetetlenek-HVG.hu_.pdf\">Private tutors - essential for admission - HVG, 23 January 2016.<\/a><\/p>\n\n\n\n<p><a href=\"https:\/\/telex.hu\/belfold\/2024\/01\/28\/a-hatodikos-matek-felveteli-felreertheto-feladat\">https:\/\/telex.hu\/belfold\/2024\/01\/28\/a-hatodikos-matek-felveteli-felreertheto-feladat<\/a><\/p>\n\n\n\n<p><\/p>\n\n\n\n<figure class=\"wp-block-embed is-type-wp-embed is-provider-gyerekszoba wp-block-embed-gyerekszoba\"><div class=\"wp-block-embed__wrapper\">\n<blockquote class=\"wp-embedded-content\" data-secret=\"0WMWGU4NRB\"><a href=\"https:\/\/gyerekszoba.hu\/gyerek\/nyolcosztalyos-felveteli-csak-ugy-erdemes-probakepp-megiratni-a-gyerekkel\/\">Nyolcoszt\u00e1lyos felv\u00e9teli \u201ecsak \u00fagy\u201d \u2013 \u00e9rdemes pr\u00f3bak\u00e9pp meg\u00edratni a gyerekkel?<\/a><\/blockquote><iframe loading=\"lazy\" class=\"wp-embedded-content\" sandbox=\"allow-scripts\" security=\"restricted\" style=\"position: absolute; visibility: hidden;\" title=\"&#8220;Nyolcoszt\u00e1lyos felv\u00e9teli \u201ecsak \u00fagy\u201d \u2013 \u00e9rdemes pr\u00f3bak\u00e9pp meg\u00edratni a gyerekkel?&#8221; &#8212; Gyerekszoba\" src=\"https:\/\/gyerekszoba.hu\/gyerek\/nyolcosztalyos-felveteli-csak-ugy-erdemes-probakepp-megiratni-a-gyerekkel\/embed\/#?secret=XKdT2gMfI9#?secret=0WMWGU4NRB\" data-secret=\"0WMWGU4NRB\" width=\"600\" height=\"338\" frameborder=\"0\" marginwidth=\"0\" marginheight=\"0\" scrolling=\"no\"><\/iframe>\n<\/div><\/figure>\n\n\n<div class=\"wp-block-button aligncenter\"><a class=\"wp-block-button__link\" href=\"\/en\/jelentkezes\/\">Sign up<\/a><\/div>","protected":false},"excerpt":{"rendered":"<p>A Thal\u00e9sz k\u00f6r mag\u00e1ntan\u00e1rai\u00a0t\u00f6bb mint 30 \u00e9ve fogadj\u00e1k tan\u00edtv\u00e1nyaikat matematika, fizika, k\u00e9mia, magyar \u00e9s t\u00f6rt\u00e9nelem [&hellip;]<\/p>\n","protected":false},"author":1,"featured_media":33807,"parent":0,"menu_order":0,"comment_status":"closed","ping_status":"closed","template":"","meta":{"_acf_changed":false,"_monsterinsights_skip_tracking":false,"_monsterinsights_sitenote_active":false,"_monsterinsights_sitenote_note":"","_monsterinsights_sitenote_category":0,"footnotes":""},"class_list":["post-101","page","type-page","status-publish","has-post-thumbnail","hentry"],"acf":[],"_links":{"self":[{"href":"https:\/\/www.obudamatek.hu\/en\/wp-json\/wp\/v2\/pages\/101","targetHints":{"allow":["GET"]}}],"collection":[{"href":"https:\/\/www.obudamatek.hu\/en\/wp-json\/wp\/v2\/pages"}],"about":[{"href":"https:\/\/www.obudamatek.hu\/en\/wp-json\/wp\/v2\/types\/page"}],"author":[{"embeddable":true,"href":"https:\/\/www.obudamatek.hu\/en\/wp-json\/wp\/v2\/users\/1"}],"replies":[{"embeddable":true,"href":"https:\/\/www.obudamatek.hu\/en\/wp-json\/wp\/v2\/comments?post=101"}],"version-history":[{"count":29,"href":"https:\/\/www.obudamatek.hu\/en\/wp-json\/wp\/v2\/pages\/101\/revisions"}],"predecessor-version":[{"id":33809,"href":"https:\/\/www.obudamatek.hu\/en\/wp-json\/wp\/v2\/pages\/101\/revisions\/33809"}],"wp:featuredmedia":[{"embeddable":true,"href":"https:\/\/www.obudamatek.hu\/en\/wp-json\/wp\/v2\/media\/33807"}],"wp:attachment":[{"href":"https:\/\/www.obudamatek.hu\/en\/wp-json\/wp\/v2\/media?parent=101"}],"curies":[{"name":"wp","href":"https:\/\/api.w.org\/{rel}","templated":true}]}}