{"id":118,"date":"2019-01-16T16:45:25","date_gmt":"2019-01-16T16:45:25","guid":{"rendered":"http:\/\/s16.tarhely.com\/~obudamat\/?page_id=118"},"modified":"2023-11-19T21:14:17","modified_gmt":"2023-11-19T21:14:17","slug":"jatekok","status":"publish","type":"page","link":"https:\/\/www.obudamatek.hu\/en\/jatekok\/","title":{"rendered":"Games"},"content":{"rendered":"<p>Keep learning at home - without even knowing it! How is this possible? You can make learning maths fun by using computer games! <\/p>\n\n\n\n<p>Try the <a href=\"https:\/\/play.google.com\/store\/apps\/details?id=hu.horvmi.learn2019&amp;hl=hu\">Matinno app<\/a>, which can be used to practise the Hungarian primary school mathematics material. <\/p>\n\n\n\n<p>You can practise units of measurement with the Unit of Measurement Memory Game app, available on both <a href=\"https:\/\/play.google.com\/store\/apps\/details?id=hu.ramasoft.apps.Mertekegysegkartya\">Android<\/a> and <a href=\"https:\/\/apps.apple.com\/hu\/app\/id1478237034\">Apple <\/a>phones.<\/p>\n\n\n\n<p>These games are in English, but that's not a problem, just give it a try. <\/p>\n\n\n\n<p> Addition, subtraction exercise -&nbsp;<a href=\"http:\/\/mrnussbaum.com\/chomper\/\">Dr Chomper (PC)<\/a><\/p>\n\n\n\n<p>\n\nRounding exercise -&nbsp;<a href=\"http:\/\/mrnussbaum.com\/roundingmaster\/\">Mathionaire (PC)<\/a><\/p>\n\n\n\n<p> Exercising compression, division -&nbsp;<a href=\"http:\/\/mrnussbaum.com\/crossing-math-canyon-2\/\">Math Canyon (PC)<\/a><\/p>\n\n\n\n<p>\n\nMore games: -&nbsp;<a href=\"http:\/\/mrnussbaum.com\/mathgames\/\">Mr. Nussbaum website<\/a><\/p>\n\n\n\n<p>Do you like Angry Birds? Do you know how many degrees of angle with the horizontal you have to shoot the bird to make it go the furthest? Guess, then check out the <a href=\"\/wp-content\/uploads\/2019\/01\/Angrybirds.pdf\">solution<\/a>.<\/p>\n\n\n<div class=\"wp-block-button aligncenter\"><a class=\"wp-block-button__link\" href=\"\/en\/jelentkezes\/\">Sign up<\/a><\/div>","protected":false},"excerpt":{"rendered":"<p>Folytasd a tanul\u00e1st otthon is &#8211; an\u00e9lk\u00fcl, hogy tudn\u00e1l r\u00f3la! Hogyan lehets\u00e9ges ez? A matematika [&hellip;]<\/p>\n","protected":false},"author":1,"featured_media":297,"parent":0,"menu_order":0,"comment_status":"closed","ping_status":"closed","template":"","meta":{"_acf_changed":false,"_monsterinsights_skip_tracking":false,"_monsterinsights_sitenote_active":false,"_monsterinsights_sitenote_note":"","_monsterinsights_sitenote_category":0,"footnotes":""},"class_list":["post-118","page","type-page","status-publish","has-post-thumbnail","hentry"],"acf":[],"_links":{"self":[{"href":"https:\/\/www.obudamatek.hu\/en\/wp-json\/wp\/v2\/pages\/118","targetHints":{"allow":["GET"]}}],"collection":[{"href":"https:\/\/www.obudamatek.hu\/en\/wp-json\/wp\/v2\/pages"}],"about":[{"href":"https:\/\/www.obudamatek.hu\/en\/wp-json\/wp\/v2\/types\/page"}],"author":[{"embeddable":true,"href":"https:\/\/www.obudamatek.hu\/en\/wp-json\/wp\/v2\/users\/1"}],"replies":[{"embeddable":true,"href":"https:\/\/www.obudamatek.hu\/en\/wp-json\/wp\/v2\/comments?post=118"}],"version-history":[{"count":16,"href":"https:\/\/www.obudamatek.hu\/en\/wp-json\/wp\/v2\/pages\/118\/revisions"}],"predecessor-version":[{"id":19727,"href":"https:\/\/www.obudamatek.hu\/en\/wp-json\/wp\/v2\/pages\/118\/revisions\/19727"}],"wp:featuredmedia":[{"embeddable":true,"href":"https:\/\/www.obudamatek.hu\/en\/wp-json\/wp\/v2\/media\/297"}],"wp:attachment":[{"href":"https:\/\/www.obudamatek.hu\/en\/wp-json\/wp\/v2\/media?parent=118"}],"curies":[{"name":"wp","href":"https:\/\/api.w.org\/{rel}","templated":true}]}}