{"id":121,"date":"2019-01-16T16:49:46","date_gmt":"2019-01-16T16:49:46","guid":{"rendered":"http:\/\/s16.tarhely.com\/~obudamat\/?page_id=121"},"modified":"2024-10-20T17:50:39","modified_gmt":"2024-10-20T17:50:39","slug":"tanfolyamok","status":"publish","type":"page","link":"https:\/\/www.obudamatek.hu\/en\/tanfolyamok\/","title":{"rendered":"Courses"},"content":{"rendered":"<h2 class=\"wp-block-heading\">Opportunities<\/h2>\n\n\n\n<p><strong>Maths, physics, chemistry, Hungarian, tutoring and preparation<\/strong>\u00a0under the guidance of teachers, at the time and in the proportions requested by the student<\/p>\n\n\n\n<p><strong>Any combination of subjects<\/strong>&nbsp;possible<\/p>\n\n\n\n<p>For children of company staff&nbsp;<strong>Available at<\/strong>&nbsp;tutoring<\/p>\n\n\n\n<p>Effective and intensive&nbsp;<strong>preparation for four - six - eight grade secondary school(s)<\/strong><\/p>\n\n\n\n<p><strong>Preparation for school-leaving exams<\/strong>&nbsp;courses<\/p>\n\n\n\n<p>Tutoring secondary school pupils<\/p>\n\n\n\n<p><strong>Failure prevention<\/strong>&nbsp;(or, if it has already been done, we will \"avoid\" the summer make-up exam until the end of the school year)<\/p>\n\n\n\n<p><strong>Private students<\/strong>&nbsp;preparing for the exam<\/p>\n\n\n\n<p><strong>Classic study room<\/strong>&nbsp;under the guidance of two teachers<\/p>\n\n\n\n<p>Daily preparation for primary school children<\/p>\n\n\n\n<p><strong>Solving tests from previous years,<\/strong>&nbsp;practice of the old central admission tests, continuous solving of similar tests, individual assessment<\/p>\n\n\n\n<p><strong>Oral \/ written item revision<\/strong>&nbsp;together with the student<\/p>\n\n\n\n<p><strong>Analysis of poetry and prose<\/strong><\/p>\n\n\n\n<p><strong>Homework<\/strong>&nbsp;discussion of the draft<\/p>\n\n\n\n<p><strong>Talent management<\/strong><\/p>\n\n\n\n<p><strong>Preparation for the Zr\u00ednyi, Bolyai and Arany D\u00e1niel mathematics competitions<\/strong><\/p>\n\n\n<div class=\"wp-block-button aligncenter\"><a class=\"wp-block-button__link\" href=\"\/en\/jelentkezes\/\">Sign up<\/a><\/div>","protected":false},"excerpt":{"rendered":"<p>Lehet\u0151s\u00e9gek Matematika, fizika, k\u00e9mia, magyar, korrepet\u00e1l\u00e1s \u00e9s el\u0151k\u00e9sz\u00edt\u0151k\u00a0szaktan\u00e1rok ir\u00e1ny\u00edt\u00e1s\u00e1val a tan\u00edtv\u00e1ny \u00e1ltal k\u00e9rt id\u0151pontban \u00e9s [&hellip;]<\/p>\n","protected":false},"author":1,"featured_media":33807,"parent":0,"menu_order":0,"comment_status":"closed","ping_status":"closed","template":"","meta":{"_acf_changed":false,"_monsterinsights_skip_tracking":false,"_monsterinsights_sitenote_active":false,"_monsterinsights_sitenote_note":"","_monsterinsights_sitenote_category":0,"footnotes":""},"class_list":["post-121","page","type-page","status-publish","has-post-thumbnail","hentry"],"acf":[],"_links":{"self":[{"href":"https:\/\/www.obudamatek.hu\/en\/wp-json\/wp\/v2\/pages\/121","targetHints":{"allow":["GET"]}}],"collection":[{"href":"https:\/\/www.obudamatek.hu\/en\/wp-json\/wp\/v2\/pages"}],"about":[{"href":"https:\/\/www.obudamatek.hu\/en\/wp-json\/wp\/v2\/types\/page"}],"author":[{"embeddable":true,"href":"https:\/\/www.obudamatek.hu\/en\/wp-json\/wp\/v2\/users\/1"}],"replies":[{"embeddable":true,"href":"https:\/\/www.obudamatek.hu\/en\/wp-json\/wp\/v2\/comments?post=121"}],"version-history":[{"count":12,"href":"https:\/\/www.obudamatek.hu\/en\/wp-json\/wp\/v2\/pages\/121\/revisions"}],"predecessor-version":[{"id":33806,"href":"https:\/\/www.obudamatek.hu\/en\/wp-json\/wp\/v2\/pages\/121\/revisions\/33806"}],"wp:featuredmedia":[{"embeddable":true,"href":"https:\/\/www.obudamatek.hu\/en\/wp-json\/wp\/v2\/media\/33807"}],"wp:attachment":[{"href":"https:\/\/www.obudamatek.hu\/en\/wp-json\/wp\/v2\/media?parent=121"}],"curies":[{"name":"wp","href":"https:\/\/api.w.org\/{rel}","templated":true}]}}