{"id":145,"date":"2019-01-17T08:01:10","date_gmt":"2019-01-17T08:01:10","guid":{"rendered":"http:\/\/s16.tarhely.com\/~obudamat\/?page_id=145"},"modified":"2024-05-06T12:54:07","modified_gmt":"2024-05-06T12:54:07","slug":"jelentkezes","status":"publish","type":"page","link":"https:\/\/www.obudamatek.hu\/en\/jelentkezes\/","title":{"rendered":"Sign up"},"content":{"rendered":"<p> Sign up today!<\/p>\n\n\n\n<p>Fill in the enclosed questionnaire and we will contact you!<\/p>\n\n\n\n<div class=\"wpcf7 no-js\" id=\"wpcf7-f144-o1\" lang=\"hu-HU\" dir=\"ltr\" data-wpcf7-id=\"144\">\n<div class=\"screen-reader-response\"><p role=\"status\" aria-live=\"polite\" aria-atomic=\"true\"><\/p> <ul><\/ul><\/div>\n<form action=\"\/en\/wp-json\/wp\/v2\/pages\/145#wpcf7-f144-o1\" method=\"post\" class=\"wpcf7-form init\" aria-label=\"Kapcsolatfelv\u00e9teli \u0171rlap\" novalidate=\"novalidate\" data-status=\"init\" data-trp-original-action=\"\/en\/wp-json\/wp\/v2\/pages\/145#wpcf7-f144-o1\">\n<fieldset class=\"hidden-fields-container\"><input type=\"hidden\" name=\"_wpcf7\" value=\"144\" \/><input type=\"hidden\" name=\"_wpcf7_version\" value=\"6.1.5\" \/><input type=\"hidden\" name=\"_wpcf7_locale\" value=\"hu_HU\" \/><input type=\"hidden\" name=\"_wpcf7_unit_tag\" value=\"wpcf7-f144-o1\" \/><input type=\"hidden\" name=\"_wpcf7_container_post\" value=\"0\" \/><input type=\"hidden\" name=\"_wpcf7_posted_data_hash\" value=\"\" \/>\n<\/fieldset>\n<p><label> Name (required)<br \/>\n<span class=\"wpcf7-form-control-wrap\" data-name=\"nev\"><input size=\"40\" maxlength=\"400\" class=\"wpcf7-form-control wpcf7-text wpcf7-validates-as-required\" aria-required=\"true\" aria-invalid=\"false\" value=\"\" type=\"text\" name=\"nev\" \/><\/span> <\/label>\n<\/p>\n<p><label> Email address (required)<br \/>\n<span class=\"wpcf7-form-control-wrap\" data-name=\"emailcim\"><input size=\"40\" maxlength=\"400\" class=\"wpcf7-form-control wpcf7-email wpcf7-validates-as-required wpcf7-text wpcf7-validates-as-email\" aria-required=\"true\" aria-invalid=\"false\" value=\"\" type=\"email\" name=\"emailcim\" \/><\/span> <\/label>\n<\/p>\n<p><label> Postal code<br \/>\n<span class=\"wpcf7-form-control-wrap\" data-name=\"irszam\"><input class=\"wpcf7-form-control wpcf7-number wpcf7-validates-as-number\" min=\"1000\" max=\"9999\" aria-invalid=\"false\" value=\"\" type=\"number\" name=\"irszam\" \/><\/span> <\/label>\n<\/p>\n<p><label> Phone number (required)<br \/>\n<span class=\"wpcf7-form-control-wrap\" data-name=\"telefon\"><input size=\"40\" maxlength=\"400\" class=\"wpcf7-form-control wpcf7-tel wpcf7-validates-as-required wpcf7-text wpcf7-validates-as-tel\" aria-required=\"true\" aria-invalid=\"false\" value=\"\" type=\"tel\" name=\"telefon\" \/><\/span> <\/label>\n<\/p>\n<p><label> Age of the student<br \/>\n<span class=\"wpcf7-form-control-wrap\" data-name=\"kor\"><input class=\"wpcf7-form-control wpcf7-number wpcf7-validates-as-number\" min=\"6\" max=\"18\" aria-invalid=\"false\" value=\"\" type=\"number\" name=\"kor\" \/><\/span> <\/label>\n<\/p>\n<p><label> Subject(s)<br \/>\n<span class=\"wpcf7-form-control-wrap\" data-name=\"tantargyak\"><input size=\"40\" maxlength=\"400\" class=\"wpcf7-form-control wpcf7-text\" aria-invalid=\"false\" value=\"\" type=\"text\" name=\"tantargyak\" \/><\/span> <\/label>\n<\/p>\n<p><label> Other comment<br \/>\n<span class=\"wpcf7-form-control-wrap\" data-name=\"megjegyzes\"><textarea cols=\"40\" rows=\"10\" maxlength=\"2000\" class=\"wpcf7-form-control wpcf7-textarea\" aria-invalid=\"false\" name=\"megjegyzes\"><\/textarea><\/span> <\/label>\n<\/p>\n<p><label> I accept the <a href=\"\/en\/adatkezelesi-tajekoztato\/\" target=\"_blank\">Privacy Policy<\/a> (required).<br \/>\n<span class=\"wpcf7-form-control-wrap\" data-name=\"acceptance-383\"><span class=\"wpcf7-form-control wpcf7-acceptance\"><span class=\"wpcf7-list-item\"><input type=\"checkbox\" name=\"acceptance-383\" value=\"1\" aria-invalid=\"false\" \/><\/span><\/span><\/span><\/label>\n<\/p>\n<p><input class=\"wpcf7-form-control wpcf7-submit has-spinner\" type=\"submit\" value=\"Send to\" \/>\n<\/p><div class=\"wpcf7-response-output\" aria-hidden=\"true\"><\/div>\n<input type=\"hidden\" name=\"trp-form-language\" value=\"en\"\/><\/form>\n<\/div>","protected":false},"excerpt":{"rendered":"<p>Jelentkezz m\u00e9g ma! T\u00f6ltsd ki a mell\u00e9kelt k\u00e9rd\u0151\u00edvet, \u00e9s kapcsolatba l\u00e9p\u00fcnk Veled!<\/p>","protected":false},"author":1,"featured_media":299,"parent":0,"menu_order":0,"comment_status":"closed","ping_status":"closed","template":"","meta":{"_acf_changed":false,"_monsterinsights_skip_tracking":false,"_monsterinsights_sitenote_active":false,"_monsterinsights_sitenote_note":"","_monsterinsights_sitenote_category":0,"footnotes":""},"class_list":["post-145","page","type-page","status-publish","has-post-thumbnail","hentry"],"acf":[],"_links":{"self":[{"href":"https:\/\/www.obudamatek.hu\/en\/wp-json\/wp\/v2\/pages\/145","targetHints":{"allow":["GET"]}}],"collection":[{"href":"https:\/\/www.obudamatek.hu\/en\/wp-json\/wp\/v2\/pages"}],"about":[{"href":"https:\/\/www.obudamatek.hu\/en\/wp-json\/wp\/v2\/types\/page"}],"author":[{"embeddable":true,"href":"https:\/\/www.obudamatek.hu\/en\/wp-json\/wp\/v2\/users\/1"}],"replies":[{"embeddable":true,"href":"https:\/\/www.obudamatek.hu\/en\/wp-json\/wp\/v2\/comments?post=145"}],"version-history":[{"count":5,"href":"https:\/\/www.obudamatek.hu\/en\/wp-json\/wp\/v2\/pages\/145\/revisions"}],"predecessor-version":[{"id":29002,"href":"https:\/\/www.obudamatek.hu\/en\/wp-json\/wp\/v2\/pages\/145\/revisions\/29002"}],"wp:featuredmedia":[{"embeddable":true,"href":"https:\/\/www.obudamatek.hu\/en\/wp-json\/wp\/v2\/media\/299"}],"wp:attachment":[{"href":"https:\/\/www.obudamatek.hu\/en\/wp-json\/wp\/v2\/media?parent=145"}],"curies":[{"name":"wp","href":"https:\/\/api.w.org\/{rel}","templated":true}]}}