{"id":166,"date":"2019-01-17T08:22:47","date_gmt":"2019-01-17T08:22:47","guid":{"rendered":"http:\/\/s16.tarhely.com\/~obudamat\/?page_id=166"},"modified":"2024-09-08T17:35:22","modified_gmt":"2024-09-08T17:35:22","slug":"megkozelites","status":"publish","type":"page","link":"https:\/\/www.obudamatek.hu\/en\/megkozelites\/","title":{"rendered":"How to find Us"},"content":{"rendered":"<p>The Thales Circle can be reached by tram No 1 (Rendel\u0151int\u00e9zet stop), bus No 218, 137, 237, 160 or 260. It is a 2-minute walk from Fl\u00f3ri\u00e1n Square.<\/p>\n\n\n\n<p>Those arriving by car should turn off V\u00f6r\u00f6sv\u00e1ri Street on V\u00e1radi S\u00e1ndor Street and park on Velence Street.<\/p>\n\n\n\n<p>Print this page so that if you're on your own and happen to get lost, you can ask for help.&nbsp;\n\n<\/p>\n\n\n<\/p>\n<p><center><\/p>\n<p><iframe loading=\"lazy\" style=\"border: 0;\" src=\"https:\/\/www.google.com\/maps\/embed?pb=!1m18!1m12!1m3!1d2693.186897456975!2d19.033248815838693!3d47.5446911002454!2m3!1f0!2f0!3f0!3m2!1i1024!2i768!4f13.1!3m3!1m2!1s0x0%3A0x0!2zNDfCsDMyJzQwLjkiTiAxOcKwMDInMDcuNiJF!5e0!3m2!1shu!2shu!4v1548061471376\" width=\"600\" height=\"450\" frameborder=\"0\" allowfullscreen=\"allowfullscreen\"><\/iframe><\/p>\n<\/p>\n<p><\/center><\/p>\n<div class=\"wp-block-button aligncenter\"><a class=\"wp-block-button__link\" href=\"\/en\/jelentkezes\/\">Sign up<\/a><\/div>","protected":false},"excerpt":{"rendered":"<p>A Thal\u00e9sz k\u00f6r megk\u00f6zel\u00edthet\u0151 az 1-es villamossal (Rendel\u0151int\u00e9zet meg\u00e1ll\u00f3), valamint a 218-as, 137-es, 237-es, 160-as [&hellip;]<\/p>\n","protected":false},"author":1,"featured_media":295,"parent":0,"menu_order":0,"comment_status":"closed","ping_status":"closed","template":"","meta":{"_acf_changed":false,"_monsterinsights_skip_tracking":false,"_monsterinsights_sitenote_active":false,"_monsterinsights_sitenote_note":"","_monsterinsights_sitenote_category":0,"footnotes":""},"class_list":["post-166","page","type-page","status-publish","has-post-thumbnail","hentry"],"acf":[],"_links":{"self":[{"href":"https:\/\/www.obudamatek.hu\/en\/wp-json\/wp\/v2\/pages\/166","targetHints":{"allow":["GET"]}}],"collection":[{"href":"https:\/\/www.obudamatek.hu\/en\/wp-json\/wp\/v2\/pages"}],"about":[{"href":"https:\/\/www.obudamatek.hu\/en\/wp-json\/wp\/v2\/types\/page"}],"author":[{"embeddable":true,"href":"https:\/\/www.obudamatek.hu\/en\/wp-json\/wp\/v2\/users\/1"}],"replies":[{"embeddable":true,"href":"https:\/\/www.obudamatek.hu\/en\/wp-json\/wp\/v2\/comments?post=166"}],"version-history":[{"count":7,"href":"https:\/\/www.obudamatek.hu\/en\/wp-json\/wp\/v2\/pages\/166\/revisions"}],"predecessor-version":[{"id":30657,"href":"https:\/\/www.obudamatek.hu\/en\/wp-json\/wp\/v2\/pages\/166\/revisions\/30657"}],"wp:featuredmedia":[{"embeddable":true,"href":"https:\/\/www.obudamatek.hu\/en\/wp-json\/wp\/v2\/media\/295"}],"wp:attachment":[{"href":"https:\/\/www.obudamatek.hu\/en\/wp-json\/wp\/v2\/media?parent=166"}],"curies":[{"name":"wp","href":"https:\/\/api.w.org\/{rel}","templated":true}]}}