{"id":2,"date":"2019-01-15T12:16:41","date_gmt":"2019-01-15T12:16:41","guid":{"rendered":"http:\/\/www.obudamatek.hu\/?page_id=2"},"modified":"2024-10-20T17:48:39","modified_gmt":"2024-10-20T17:48:39","slug":"rolunk","status":"publish","type":"page","link":"https:\/\/www.obudamatek.hu\/en\/rolunk\/","title":{"rendered":"Enter the Thales Circle!"},"content":{"rendered":"<p>K\u00f6z\u00e9piskol\u00e1ra \u00e9s \u00e9retts\u00e9gire felk\u00e9sz\u00edt\u0151 oktat\u00e1si st\u00fadi\u00f3 k\u00e9t szaktan\u00e1r ir\u00e1ny\u00edt\u00e1s\u00e1val els\u0151sorban matekb\u00f3l \u00e9s magyarb\u00f3l \u00d3BUD\u00c1N, a FL\u00d3RI\u00c1N t\u00e9r k\u00f6zel\u00e9ben.<\/p>\n<\/p>\n<\/p>\n<\/p>\n\n\n<figure class=\"wp-block-table is-style-stripes\"><table><tbody><tr><td>1.\u00a0<strong>Mathematics\u00a0<\/strong>and\u00a0<strong>Hungarian grammar and literature\u00a0<\/strong>preparatory secondary school in small groups of 3, <strong>tailored to the individual<\/strong>.<br>We will also be preparing for the Secondary School Vocabulary Test between 20 January and 15 March in all subjects: Hungarian, History, Mathematics, Physics, Chemistry, Biology, English, German, Computer Science\/Digital Culture.<br><br>2. <strong>Baccalaureate preparation<\/strong> in mathematics, Hungarian, physics, chemistry <strong>at middle<\/strong> and <strong>at the advanced level<\/strong> as well. We offer intermediate level preparation in history, biology and geography.<br><br>3.\u00a0<strong>Tutoring<\/strong>, gap-filling, competition preparation:<br>-Mathematics\u00a0<br>-Physics\u00a0<br>-Chemistry\u00a0<br>-Hungarian grammar and literature<br>-Geography<br>-Biology<br>-English language<br>-German language<br>-Italian language<br><br><br>B\u00e1rmilyen tant\u00e1rgykombin\u00e1ci\u00f3ban, szaktan\u00e1rokn\u00e1l (3 f\u0151s kiscsoport).\u00a0<br><br>Apply soon, because the time until admission is very short and places will fill up quickly!\u00a0<br><br>Id\u0151pontok: H\u00e9tk\u00f6znap 14:00-17:30-ig tan\u00edtunk,\u00a0<br>Saturdays 8:45-11:00 or 11:00-13:15 (3-3 lessons).\u00a0<br><br>We also offer classes during the autumn, winter and spring school holidays!<br><br>3.\u00a0<strong>Opportunity to correct\u00a0<\/strong>in the other subjects (your average is also very important, not just a good written one in January). <br><br>Our hourly rate: 6000Ft per lesson (12.000Ft\/90 minutes, 18.000Ft\/135min).<\/td><\/tr><tr><\/tr><\/tbody><\/table><\/figure>\n\n\n\n<div class=\"wp-block-button aligncenter\"><a class=\"wp-block-button__link wp-element-button\" href=\"\/en\/jelentkezes\/\">Sign up<\/a><\/div>","protected":false},"excerpt":{"rendered":"<p>K\u00f6z\u00e9piskol\u00e1ra \u00e9s \u00e9retts\u00e9gire felk\u00e9sz\u00edt\u0151 oktat\u00e1si st\u00fadi\u00f3 k\u00e9t szaktan\u00e1r ir\u00e1ny\u00edt\u00e1s\u00e1val els\u0151sorban matekb\u00f3l \u00e9s magyarb\u00f3l \u00d3BUD\u00c1N, a [&hellip;]<\/p>\n","protected":false},"author":1,"featured_media":33801,"parent":0,"menu_order":0,"comment_status":"closed","ping_status":"open","template":"","meta":{"_acf_changed":false,"_monsterinsights_skip_tracking":false,"_monsterinsights_sitenote_active":false,"_monsterinsights_sitenote_note":"","_monsterinsights_sitenote_category":0,"footnotes":""},"class_list":["post-2","page","type-page","status-publish","has-post-thumbnail","hentry"],"acf":[],"_links":{"self":[{"href":"https:\/\/www.obudamatek.hu\/en\/wp-json\/wp\/v2\/pages\/2","targetHints":{"allow":["GET"]}}],"collection":[{"href":"https:\/\/www.obudamatek.hu\/en\/wp-json\/wp\/v2\/pages"}],"about":[{"href":"https:\/\/www.obudamatek.hu\/en\/wp-json\/wp\/v2\/types\/page"}],"author":[{"embeddable":true,"href":"https:\/\/www.obudamatek.hu\/en\/wp-json\/wp\/v2\/users\/1"}],"replies":[{"embeddable":true,"href":"https:\/\/www.obudamatek.hu\/en\/wp-json\/wp\/v2\/comments?post=2"}],"version-history":[{"count":25,"href":"https:\/\/www.obudamatek.hu\/en\/wp-json\/wp\/v2\/pages\/2\/revisions"}],"predecessor-version":[{"id":33805,"href":"https:\/\/www.obudamatek.hu\/en\/wp-json\/wp\/v2\/pages\/2\/revisions\/33805"}],"wp:featuredmedia":[{"embeddable":true,"href":"https:\/\/www.obudamatek.hu\/en\/wp-json\/wp\/v2\/media\/33801"}],"wp:attachment":[{"href":"https:\/\/www.obudamatek.hu\/en\/wp-json\/wp\/v2\/media?parent=2"}],"curies":[{"name":"wp","href":"https:\/\/api.w.org\/{rel}","templated":true}]}}