{"id":256,"date":"2019-01-18T09:26:58","date_gmt":"2019-01-18T09:26:58","guid":{"rendered":"http:\/\/s16.tarhely.com\/~obudamat\/?page_id=256"},"modified":"2019-01-22T09:09:16","modified_gmt":"2019-01-22T09:09:16","slug":"erettsegi-elokeszites","status":"publish","type":"page","link":"https:\/\/www.obudamatek.hu\/en\/erettsegi-elokeszites\/","title":{"rendered":"Preparation for maturation"},"content":{"rendered":"<p><strong>Preparation for school-leaving exams<\/strong>&nbsp;tanfolyamok, k\u00f6z\u00e9piskol\u00e1sok korrepet\u00e1l\u00e1sa.<\/p>","protected":false},"excerpt":{"rendered":"<p>Maturation preparation courses, tutoring secondary school students.<\/p>","protected":false},"author":1,"featured_media":0,"parent":0,"menu_order":0,"comment_status":"closed","ping_status":"closed","template":"","meta":{"_acf_changed":false,"_monsterinsights_skip_tracking":false,"_monsterinsights_sitenote_active":false,"_monsterinsights_sitenote_note":"","_monsterinsights_sitenote_category":0,"footnotes":""},"class_list":["post-256","page","type-page","status-publish","hentry"],"acf":[],"_links":{"self":[{"href":"https:\/\/www.obudamatek.hu\/en\/wp-json\/wp\/v2\/pages\/256","targetHints":{"allow":["GET"]}}],"collection":[{"href":"https:\/\/www.obudamatek.hu\/en\/wp-json\/wp\/v2\/pages"}],"about":[{"href":"https:\/\/www.obudamatek.hu\/en\/wp-json\/wp\/v2\/types\/page"}],"author":[{"embeddable":true,"href":"https:\/\/www.obudamatek.hu\/en\/wp-json\/wp\/v2\/users\/1"}],"replies":[{"embeddable":true,"href":"https:\/\/www.obudamatek.hu\/en\/wp-json\/wp\/v2\/comments?post=256"}],"version-history":[{"count":3,"href":"https:\/\/www.obudamatek.hu\/en\/wp-json\/wp\/v2\/pages\/256\/revisions"}],"predecessor-version":[{"id":441,"href":"https:\/\/www.obudamatek.hu\/en\/wp-json\/wp\/v2\/pages\/256\/revisions\/441"}],"wp:attachment":[{"href":"https:\/\/www.obudamatek.hu\/en\/wp-json\/wp\/v2\/media?parent=256"}],"curies":[{"name":"wp","href":"https:\/\/api.w.org\/{rel}","templated":true}]}}