{"id":260,"date":"2019-01-18T09:29:00","date_gmt":"2019-01-18T09:29:00","guid":{"rendered":"http:\/\/s16.tarhely.com\/~obudamat\/?page_id=260"},"modified":"2019-01-18T09:29:00","modified_gmt":"2019-01-18T09:29:00","slug":"tehetseggondozas","status":"publish","type":"page","link":"https:\/\/www.obudamatek.hu\/en\/tehetseggondozas\/","title":{"rendered":"Talent management"},"content":{"rendered":"<p>Felk\u00e9sz\u00edt\u00e9s <strong>Zr\u00ednyi, Bolyai \u00e9s Arany D\u00e1niel <\/strong>matematikaversenyekre<\/p>","protected":false},"excerpt":{"rendered":"<p>Preparation for the Zr\u00ednyi, Bolyai and Arany D\u00e1niel mathematics competitions<\/p>","protected":false},"author":1,"featured_media":0,"parent":0,"menu_order":0,"comment_status":"closed","ping_status":"closed","template":"","meta":{"_acf_changed":false,"_monsterinsights_skip_tracking":false,"_monsterinsights_sitenote_active":false,"_monsterinsights_sitenote_note":"","_monsterinsights_sitenote_category":0,"footnotes":""},"class_list":["post-260","page","type-page","status-publish","hentry"],"acf":[],"_links":{"self":[{"href":"https:\/\/www.obudamatek.hu\/en\/wp-json\/wp\/v2\/pages\/260","targetHints":{"allow":["GET"]}}],"collection":[{"href":"https:\/\/www.obudamatek.hu\/en\/wp-json\/wp\/v2\/pages"}],"about":[{"href":"https:\/\/www.obudamatek.hu\/en\/wp-json\/wp\/v2\/types\/page"}],"author":[{"embeddable":true,"href":"https:\/\/www.obudamatek.hu\/en\/wp-json\/wp\/v2\/users\/1"}],"replies":[{"embeddable":true,"href":"https:\/\/www.obudamatek.hu\/en\/wp-json\/wp\/v2\/comments?post=260"}],"version-history":[{"count":1,"href":"https:\/\/www.obudamatek.hu\/en\/wp-json\/wp\/v2\/pages\/260\/revisions"}],"predecessor-version":[{"id":261,"href":"https:\/\/www.obudamatek.hu\/en\/wp-json\/wp\/v2\/pages\/260\/revisions\/261"}],"wp:attachment":[{"href":"https:\/\/www.obudamatek.hu\/en\/wp-json\/wp\/v2\/media?parent=260"}],"curies":[{"name":"wp","href":"https:\/\/api.w.org\/{rel}","templated":true}]}}