{"id":337,"date":"2019-01-18T13:21:54","date_gmt":"2019-01-18T13:21:54","guid":{"rendered":"http:\/\/s16.tarhely.com\/~obudamat\/?page_id=337"},"modified":"2019-01-18T13:44:04","modified_gmt":"2019-01-18T13:44:04","slug":"koszonetnyilvanitas","status":"publish","type":"page","link":"https:\/\/www.obudamatek.hu\/en\/koszonetnyilvanitas\/","title":{"rendered":"Acknowledgements"},"content":{"rendered":"<p>&#8220;Kedves Gabi N\u00e9ni!<\/p>\n\n\n\n<p>Evvel a p\u00e1r sorral szeretn\u00e9m megk\u00f6sz\u00f6nni, amit itt az elm\u00falt f\u00e9l\u00e9vben \u00e9rtem tettek. Nagyon h\u00e1l\u00e1s vagyok az\u00e9rt, hogy aki meg\u00edrta az \u00e9letemet, az a valaki bele\u00edrta ezt a r\u00e9szt is, hogy \u00e9n &#8220;idetal\u00e1lok&#8221; magukhoz&#8230; Azt egyszer\u0171en nem tudom megfogalmazni, hogy mennyire szeretek idej\u00f6nni magukhoz.  <\/p>\n\n\n\n<p>Elk\u00e9pzelni sem tudtam azel\u0151tt, hogy l\u00e9tezik ennyire tisztess\u00e9ges hely, ilyen bar\u00e1ts\u00e1gos, befogad\u00f3 emberek, mint maguk&#8230; Ez csod\u00e1latos. Hogy itt minden annyira szeretetteljes. Csupa sz\u00edv, csupa l\u00e9lek tan\u00e1rok.<\/p>\n\n\n\n<p>Annyira j\u00f3l tan\u00edt itt mindenki. Minden tan\u00e1rban m\u00e1st szeretek. P\u00e9ld\u00e1ul mag\u00e1ban azt szeretem, hogy annyira kedves \u00e9s telistele van sz\u00edvvel \u00e9s l\u00e9lekkel&#8230; Amikor mindig elmondja, hogy milyen rendes anyuk\u00e1m van, annyira j\u00f3l esik&#8230;<\/p>\n\n\n\n<p>Teh\u00e1t nem szeretn\u00e9k reg\u00e9nyt \u00edrni, csak megk\u00f6sz\u00f6nni a maga \u00e9s a t\u00f6bbi tan\u00e1r munk\u00e1j\u00e1t!<\/p>\n\n\n\n<p>K\u00f6sz\u00f6n\u00f6k mindent, \u00e9s kellemes nyarat k\u00edv\u00e1nok!&#8221;<\/p>","protected":false},"excerpt":{"rendered":"<p>&#8220;Kedves Gabi N\u00e9ni! Evvel a p\u00e1r sorral szeretn\u00e9m megk\u00f6sz\u00f6nni, amit itt az elm\u00falt f\u00e9l\u00e9vben \u00e9rtem [&hellip;]<\/p>\n","protected":false},"author":1,"featured_media":18,"parent":0,"menu_order":0,"comment_status":"closed","ping_status":"closed","template":"","meta":{"_acf_changed":false,"_monsterinsights_skip_tracking":false,"_monsterinsights_sitenote_active":false,"_monsterinsights_sitenote_note":"","_monsterinsights_sitenote_category":0,"footnotes":""},"class_list":["post-337","page","type-page","status-publish","has-post-thumbnail","hentry"],"acf":[],"_links":{"self":[{"href":"https:\/\/www.obudamatek.hu\/en\/wp-json\/wp\/v2\/pages\/337","targetHints":{"allow":["GET"]}}],"collection":[{"href":"https:\/\/www.obudamatek.hu\/en\/wp-json\/wp\/v2\/pages"}],"about":[{"href":"https:\/\/www.obudamatek.hu\/en\/wp-json\/wp\/v2\/types\/page"}],"author":[{"embeddable":true,"href":"https:\/\/www.obudamatek.hu\/en\/wp-json\/wp\/v2\/users\/1"}],"replies":[{"embeddable":true,"href":"https:\/\/www.obudamatek.hu\/en\/wp-json\/wp\/v2\/comments?post=337"}],"version-history":[{"count":3,"href":"https:\/\/www.obudamatek.hu\/en\/wp-json\/wp\/v2\/pages\/337\/revisions"}],"predecessor-version":[{"id":350,"href":"https:\/\/www.obudamatek.hu\/en\/wp-json\/wp\/v2\/pages\/337\/revisions\/350"}],"wp:featuredmedia":[{"embeddable":true,"href":"https:\/\/www.obudamatek.hu\/en\/wp-json\/wp\/v2\/media\/18"}],"wp:attachment":[{"href":"https:\/\/www.obudamatek.hu\/en\/wp-json\/wp\/v2\/media?parent=337"}],"curies":[{"name":"wp","href":"https:\/\/api.w.org\/{rel}","templated":true}]}}