{"id":339,"date":"2019-01-18T13:23:38","date_gmt":"2019-01-18T13:23:38","guid":{"rendered":"http:\/\/s16.tarhely.com\/~obudamat\/?page_id=339"},"modified":"2019-01-18T13:23:38","modified_gmt":"2019-01-18T13:23:38","slug":"udvozlet","status":"publish","type":"page","link":"https:\/\/www.obudamatek.hu\/en\/udvozlet\/","title":{"rendered":"Greetings"},"content":{"rendered":"<p>&#8220;Kedves Gabi n\u00e9ni \u00e9s Lajos b\u00e1csi!<\/p>\n\n\n\n<p>\u00dcdv\u00f6zletemet k\u00fcld\u00f6m Mil\u00e1n\u00f3b\u00f3l, ez \u00faton szeretn\u00e9m magukat \u00e9rtes\u00edteni, hogy felv\u00e9telt nyertem a Szinyei Merse P\u00e1l gimn\u00e1zium bio-k\u00e9mia szak\u00e1ra!&#8221;<\/p>","protected":false},"excerpt":{"rendered":"<p>&#8220;Kedves Gabi n\u00e9ni \u00e9s Lajos b\u00e1csi! \u00dcdv\u00f6zletemet k\u00fcld\u00f6m Mil\u00e1n\u00f3b\u00f3l, ez \u00faton szeretn\u00e9m magukat \u00e9rtes\u00edteni, hogy [&hellip;]<\/p>\n","protected":false},"author":1,"featured_media":19,"parent":0,"menu_order":0,"comment_status":"closed","ping_status":"closed","template":"","meta":{"_acf_changed":false,"_monsterinsights_skip_tracking":false,"_monsterinsights_sitenote_active":false,"_monsterinsights_sitenote_note":"","_monsterinsights_sitenote_category":0,"footnotes":""},"class_list":["post-339","page","type-page","status-publish","has-post-thumbnail","hentry"],"acf":[],"_links":{"self":[{"href":"https:\/\/www.obudamatek.hu\/en\/wp-json\/wp\/v2\/pages\/339","targetHints":{"allow":["GET"]}}],"collection":[{"href":"https:\/\/www.obudamatek.hu\/en\/wp-json\/wp\/v2\/pages"}],"about":[{"href":"https:\/\/www.obudamatek.hu\/en\/wp-json\/wp\/v2\/types\/page"}],"author":[{"embeddable":true,"href":"https:\/\/www.obudamatek.hu\/en\/wp-json\/wp\/v2\/users\/1"}],"replies":[{"embeddable":true,"href":"https:\/\/www.obudamatek.hu\/en\/wp-json\/wp\/v2\/comments?post=339"}],"version-history":[{"count":1,"href":"https:\/\/www.obudamatek.hu\/en\/wp-json\/wp\/v2\/pages\/339\/revisions"}],"predecessor-version":[{"id":340,"href":"https:\/\/www.obudamatek.hu\/en\/wp-json\/wp\/v2\/pages\/339\/revisions\/340"}],"wp:featuredmedia":[{"embeddable":true,"href":"https:\/\/www.obudamatek.hu\/en\/wp-json\/wp\/v2\/media\/19"}],"wp:attachment":[{"href":"https:\/\/www.obudamatek.hu\/en\/wp-json\/wp\/v2\/media?parent=339"}],"curies":[{"name":"wp","href":"https:\/\/api.w.org\/{rel}","templated":true}]}}