{"id":343,"date":"2019-01-18T13:29:20","date_gmt":"2019-01-18T13:29:20","guid":{"rendered":"http:\/\/s16.tarhely.com\/~obudamat\/?page_id=343"},"modified":"2019-01-18T13:29:20","modified_gmt":"2019-01-18T13:29:20","slug":"oklevel","status":"publish","type":"page","link":"https:\/\/www.obudamatek.hu\/en\/oklevel\/","title":{"rendered":"Certificate"},"content":{"rendered":"<p>&#8220;Radnai T\u00fcnde 3. oszt\u00e1lyos tanul\u00f3 r\u00e9sz\u00e9re, aki az Abacus matematikai lapok lurk\u00f3-logika pontverseny\u00e9n III. helyez\u00e9st (aranyfokozat\u00fa d\u00edcs\u00e9retet) \u00e9rt el.&#8221;<\/p>","protected":false},"excerpt":{"rendered":"<p>&#8220;Radnai T\u00fcnde 3. oszt\u00e1lyos tanul\u00f3 r\u00e9sz\u00e9re, aki az Abacus matematikai lapok lurk\u00f3-logika pontverseny\u00e9n III. helyez\u00e9st [&hellip;]<\/p>\n","protected":false},"author":1,"featured_media":20,"parent":0,"menu_order":0,"comment_status":"closed","ping_status":"closed","template":"","meta":{"_acf_changed":false,"_monsterinsights_skip_tracking":false,"_monsterinsights_sitenote_active":false,"_monsterinsights_sitenote_note":"","_monsterinsights_sitenote_category":0,"footnotes":""},"class_list":["post-343","page","type-page","status-publish","has-post-thumbnail","hentry"],"acf":[],"_links":{"self":[{"href":"https:\/\/www.obudamatek.hu\/en\/wp-json\/wp\/v2\/pages\/343","targetHints":{"allow":["GET"]}}],"collection":[{"href":"https:\/\/www.obudamatek.hu\/en\/wp-json\/wp\/v2\/pages"}],"about":[{"href":"https:\/\/www.obudamatek.hu\/en\/wp-json\/wp\/v2\/types\/page"}],"author":[{"embeddable":true,"href":"https:\/\/www.obudamatek.hu\/en\/wp-json\/wp\/v2\/users\/1"}],"replies":[{"embeddable":true,"href":"https:\/\/www.obudamatek.hu\/en\/wp-json\/wp\/v2\/comments?post=343"}],"version-history":[{"count":1,"href":"https:\/\/www.obudamatek.hu\/en\/wp-json\/wp\/v2\/pages\/343\/revisions"}],"predecessor-version":[{"id":344,"href":"https:\/\/www.obudamatek.hu\/en\/wp-json\/wp\/v2\/pages\/343\/revisions\/344"}],"wp:featuredmedia":[{"embeddable":true,"href":"https:\/\/www.obudamatek.hu\/en\/wp-json\/wp\/v2\/media\/20"}],"wp:attachment":[{"href":"https:\/\/www.obudamatek.hu\/en\/wp-json\/wp\/v2\/media?parent=343"}],"curies":[{"name":"wp","href":"https:\/\/api.w.org\/{rel}","templated":true}]}}