{"id":356,"date":"2019-01-18T13:55:29","date_gmt":"2019-01-18T13:55:29","guid":{"rendered":"http:\/\/s16.tarhely.com\/~obudamat\/?page_id=356"},"modified":"2019-02-01T07:08:42","modified_gmt":"2019-02-01T07:08:42","slug":"miert-erdemes-hozzank-jonnod","status":"publish","type":"page","link":"https:\/\/www.obudamatek.hu\/en\/miert-erdemes-hozzank-jonnod\/","title":{"rendered":"Importance of the good teacher"},"content":{"rendered":"<p>\"The available evidence shows that&nbsp;<strong>the quality of teachers is the main determinant of students' performance at school.<\/strong>&nbsp;A study conducted in Tennessee ten years ago showed that if two average eight-year-olds are placed with different teachers (one with a good teacher and one with a poor teacher), their performance can differ by more than 50 percentage points within three years (i.e., an average student can be an A or a D).\"<\/p>\n\n\n\n<p>\"The negative impact of poorly performing teachers is strong, especially in the first years of school. Primary school pupils who spend several years with a poor teacher fall virtually irrecoverably behind. In some school systems, children who are in the top 20% in literacy and numeracy exams at age seven are twice as likely to earn a university degree as those in the bottom 20%.\"<\/p>\n\n\n\n<p>\"The data available overall shows that even in well-functioning systems, it is true that students,&nbsp;<strong>who do not make enough progress in the first few years of school without suitable teachers are unlikely to catch up.\"<\/strong><\/p>\n\n\n\n<p>Source:\u00a0<strong><a href=\"\/wp-content\/uploads\/2019\/01\/McKinsey.pdf\">\"McKinsey (2007): How the world\u2019s best-performing school systems come out on top\"<\/a><\/strong><\/p>\n\n\n\n<p>We would add that, because weak teachers in the lower school often cover up problems with good grades, there is a high risk that by the time parents realise it, the backlog is already there.&nbsp;<strong>It may therefore be advisable<\/strong>&nbsp;to bring your child&nbsp;<strong>to us before the age of 10 for a level assessment and then, if necessary, for tutoring,<\/strong>&nbsp;so that correction can be made in time.<\/p>","protected":false},"excerpt":{"rendered":"<p>\u201eA rendelkez\u00e9sre \u00e1ll\u00f3 adatok azt bizony\u00edtj\u00e1k, hogy&nbsp;a di\u00e1kok iskolai teljes\u00edtm\u00e9ny\u00e9t els\u0151sorban a tan\u00e1rok min\u0151s\u00e9ge hat\u00e1rozza [&hellip;]<\/p>\n","protected":false},"author":1,"featured_media":360,"parent":0,"menu_order":0,"comment_status":"closed","ping_status":"closed","template":"","meta":{"_acf_changed":false,"_monsterinsights_skip_tracking":false,"_monsterinsights_sitenote_active":false,"_monsterinsights_sitenote_note":"","_monsterinsights_sitenote_category":0,"footnotes":""},"class_list":["post-356","page","type-page","status-publish","has-post-thumbnail","hentry"],"acf":[],"_links":{"self":[{"href":"https:\/\/www.obudamatek.hu\/en\/wp-json\/wp\/v2\/pages\/356","targetHints":{"allow":["GET"]}}],"collection":[{"href":"https:\/\/www.obudamatek.hu\/en\/wp-json\/wp\/v2\/pages"}],"about":[{"href":"https:\/\/www.obudamatek.hu\/en\/wp-json\/wp\/v2\/types\/page"}],"author":[{"embeddable":true,"href":"https:\/\/www.obudamatek.hu\/en\/wp-json\/wp\/v2\/users\/1"}],"replies":[{"embeddable":true,"href":"https:\/\/www.obudamatek.hu\/en\/wp-json\/wp\/v2\/comments?post=356"}],"version-history":[{"count":10,"href":"https:\/\/www.obudamatek.hu\/en\/wp-json\/wp\/v2\/pages\/356\/revisions"}],"predecessor-version":[{"id":473,"href":"https:\/\/www.obudamatek.hu\/en\/wp-json\/wp\/v2\/pages\/356\/revisions\/473"}],"wp:featuredmedia":[{"embeddable":true,"href":"https:\/\/www.obudamatek.hu\/en\/wp-json\/wp\/v2\/media\/360"}],"wp:attachment":[{"href":"https:\/\/www.obudamatek.hu\/en\/wp-json\/wp\/v2\/media?parent=356"}],"curies":[{"name":"wp","href":"https:\/\/api.w.org\/{rel}","templated":true}]}}