{"id":363,"date":"2019-01-21T08:20:39","date_gmt":"2019-01-21T08:20:39","guid":{"rendered":"http:\/\/s16.tarhely.com\/~obudamat\/?page_id=363"},"modified":"2025-05-23T12:58:49","modified_gmt":"2025-05-23T12:58:49","slug":"arak","status":"publish","type":"page","link":"https:\/\/www.obudamatek.hu\/en\/arak\/","title":{"rendered":"Prices"},"content":{"rendered":"<p>\u00d3rad\u00edjunk di\u00e1konk\u00e9nt 2025. j\u00fanius 1-t\u0151l: 6.500Ft\/45 perc, vagyis <strong>13.000Ft\/90 perc<\/strong>, or <strong>19.500Ft\/135 perc<\/strong>.<\/p>\n\n\n<div class=\"wp-block-button aligncenter\"><a class=\"wp-block-button__link\" href=\"\/en\/jelentkezes\/\">Sign up<\/a><\/div>","protected":false},"excerpt":{"rendered":"<p>\u00d3rad\u00edjunk di\u00e1konk\u00e9nt 2025. j\u00fanius 1-t\u0151l: 6.500Ft\/45 perc, vagyis 13.000Ft\/90 perc, illetve 19.500Ft\/135 perc. Jelentkez\u00e9s<\/p>","protected":false},"author":1,"featured_media":364,"parent":0,"menu_order":0,"comment_status":"closed","ping_status":"closed","template":"","meta":{"_acf_changed":false,"_monsterinsights_skip_tracking":false,"_monsterinsights_sitenote_active":false,"_monsterinsights_sitenote_note":"","_monsterinsights_sitenote_category":0,"footnotes":""},"class_list":["post-363","page","type-page","status-publish","has-post-thumbnail","hentry"],"acf":[],"_links":{"self":[{"href":"https:\/\/www.obudamatek.hu\/en\/wp-json\/wp\/v2\/pages\/363","targetHints":{"allow":["GET"]}}],"collection":[{"href":"https:\/\/www.obudamatek.hu\/en\/wp-json\/wp\/v2\/pages"}],"about":[{"href":"https:\/\/www.obudamatek.hu\/en\/wp-json\/wp\/v2\/types\/page"}],"author":[{"embeddable":true,"href":"https:\/\/www.obudamatek.hu\/en\/wp-json\/wp\/v2\/users\/1"}],"replies":[{"embeddable":true,"href":"https:\/\/www.obudamatek.hu\/en\/wp-json\/wp\/v2\/comments?post=363"}],"version-history":[{"count":21,"href":"https:\/\/www.obudamatek.hu\/en\/wp-json\/wp\/v2\/pages\/363\/revisions"}],"predecessor-version":[{"id":43768,"href":"https:\/\/www.obudamatek.hu\/en\/wp-json\/wp\/v2\/pages\/363\/revisions\/43768"}],"wp:featuredmedia":[{"embeddable":true,"href":"https:\/\/www.obudamatek.hu\/en\/wp-json\/wp\/v2\/media\/364"}],"wp:attachment":[{"href":"https:\/\/www.obudamatek.hu\/en\/wp-json\/wp\/v2\/media?parent=363"}],"curies":[{"name":"wp","href":"https:\/\/api.w.org\/{rel}","templated":true}]}}