{"id":373,"date":"2019-01-21T08:34:20","date_gmt":"2019-01-21T08:34:20","guid":{"rendered":"http:\/\/s16.tarhely.com\/~obudamat\/?page_id=373"},"modified":"2024-08-20T14:11:25","modified_gmt":"2024-08-20T14:11:25","slug":"feladatsorok","status":"publish","type":"page","link":"https:\/\/www.obudamatek.hu\/en\/feladatsorok\/","title":{"rendered":"Tests"},"content":{"rendered":"<h2 class=\"wp-block-heading\">Graduation<\/h2>\n\n\n\n<p><a href=\"\/wp-content\/uploads\/2019\/01\/Probaerettsegi.pdf\">Maths mock exam test<\/a><\/p>\n\n\n\n<p><a href=\"\/wp-content\/uploads\/2019\/01\/Vegeredmenyek.pdf\">Maths test solutions<\/a><\/p>\n\n\n\n<h2 class=\"wp-block-heading\">Secondary school admission<\/h2>\n\n\n\n<p><a href=\"https:\/\/www.oktatas.hu\/kozneveles\/kozepfoku_felveteli_eljaras\/kozponti_feladatsorok\/2024evi_6_8osztalyos\" data-type=\"link\" data-id=\"https:\/\/www.oktatas.hu\/kozneveles\/kozepfoku_felveteli_eljaras\/kozponti_feladatsorok\/2024evi_6_8osztalyos\">Admission tests for grades 6 and 8 - 2024<\/a><\/p>\n\n\n\n<p><a href=\"https:\/\/www.oktatas.hu\/kozneveles\/kozepfoku_felveteli_eljaras\/kozponti_feladatsorok\/2024evi_9evfolyamra\">Admission tests for grade 9 - 2024<\/a><\/p>\n\n\n\n<p><a href=\"https:\/\/www.oktatas.hu\/kozneveles\/kozepfoku_felveteli_eljaras\/kozponti_feladatsorok\">Central written tests, revision and assessment guides - previous years<\/a><\/p>\n\n\n<div class=\"wp-block-button aligncenter\"><a class=\"wp-block-button__link\" href=\"\/en\/jelentkezes\/\">Sign up<\/a><\/div>","protected":false},"excerpt":{"rendered":"<p>\u00c9retts\u00e9gi Matek pr\u00f3ba\u00e9retts\u00e9gi feladatsor Matek pr\u00f3ba\u00e9retts\u00e9gi megold\u00e1sok K\u00f6z\u00e9piskolai felv\u00e9teli Felv\u00e9teli feladatsorok a 6 \u00e9s 8 [&hellip;]<\/p>\n","protected":false},"author":1,"featured_media":374,"parent":0,"menu_order":0,"comment_status":"closed","ping_status":"closed","template":"","meta":{"_acf_changed":false,"_monsterinsights_skip_tracking":false,"_monsterinsights_sitenote_active":false,"_monsterinsights_sitenote_note":"","_monsterinsights_sitenote_category":0,"footnotes":""},"class_list":["post-373","page","type-page","status-publish","has-post-thumbnail","hentry"],"acf":[],"_links":{"self":[{"href":"https:\/\/www.obudamatek.hu\/en\/wp-json\/wp\/v2\/pages\/373","targetHints":{"allow":["GET"]}}],"collection":[{"href":"https:\/\/www.obudamatek.hu\/en\/wp-json\/wp\/v2\/pages"}],"about":[{"href":"https:\/\/www.obudamatek.hu\/en\/wp-json\/wp\/v2\/types\/page"}],"author":[{"embeddable":true,"href":"https:\/\/www.obudamatek.hu\/en\/wp-json\/wp\/v2\/users\/1"}],"replies":[{"embeddable":true,"href":"https:\/\/www.obudamatek.hu\/en\/wp-json\/wp\/v2\/comments?post=373"}],"version-history":[{"count":13,"href":"https:\/\/www.obudamatek.hu\/en\/wp-json\/wp\/v2\/pages\/373\/revisions"}],"predecessor-version":[{"id":29703,"href":"https:\/\/www.obudamatek.hu\/en\/wp-json\/wp\/v2\/pages\/373\/revisions\/29703"}],"wp:featuredmedia":[{"embeddable":true,"href":"https:\/\/www.obudamatek.hu\/en\/wp-json\/wp\/v2\/media\/374"}],"wp:attachment":[{"href":"https:\/\/www.obudamatek.hu\/en\/wp-json\/wp\/v2\/media?parent=373"}],"curies":[{"name":"wp","href":"https:\/\/api.w.org\/{rel}","templated":true}]}}