{"id":7341,"date":"2023-01-07T10:32:58","date_gmt":"2023-01-07T10:32:58","guid":{"rendered":"https:\/\/www.obudamatek.hu\/?page_id=7341"},"modified":"2023-01-07T10:34:07","modified_gmt":"2023-01-07T10:34:07","slug":"adategyeztetes","status":"publish","type":"page","link":"https:\/\/www.obudamatek.hu\/en\/adategyeztetes\/","title":{"rendered":"Adategyeztet\u00e9s"},"content":{"rendered":"<p>Az al\u00e1bbi \u0171rlapon adja meg adatait, miel\u0151tt els\u0151 alkalommal j\u00f6n hozz\u00e1nk, vagy ha b\u00e1rmi v\u00e1ltoz\u00e1s van benn\u00fck.<\/p>\n\n\n\n<div class=\"wpcf7 no-js\" id=\"wpcf7-f7338-o1\" lang=\"hu-HU\" dir=\"ltr\" data-wpcf7-id=\"7338\">\n<div class=\"screen-reader-response\"><p role=\"status\" aria-live=\"polite\" aria-atomic=\"true\"><\/p> <ul><\/ul><\/div>\n<form action=\"\/en\/wp-json\/wp\/v2\/pages\/7341#wpcf7-f7338-o1\" method=\"post\" class=\"wpcf7-form init\" aria-label=\"Kapcsolatfelv\u00e9teli \u0171rlap\" novalidate=\"novalidate\" data-status=\"init\" data-trp-original-action=\"\/en\/wp-json\/wp\/v2\/pages\/7341#wpcf7-f7338-o1\">\n<fieldset class=\"hidden-fields-container\"><input type=\"hidden\" name=\"_wpcf7\" value=\"7338\" \/><input type=\"hidden\" name=\"_wpcf7_version\" value=\"6.1.5\" \/><input type=\"hidden\" name=\"_wpcf7_locale\" value=\"hu_HU\" \/><input type=\"hidden\" name=\"_wpcf7_unit_tag\" value=\"wpcf7-f7338-o1\" \/><input type=\"hidden\" name=\"_wpcf7_container_post\" value=\"0\" \/><input type=\"hidden\" name=\"_wpcf7_posted_data_hash\" value=\"\" \/>\n<\/fieldset>\n<p><label> Tanul\u00f3 neve (k\u00f6telez\u0151)<br \/>\n<span class=\"wpcf7-form-control-wrap\" data-name=\"nev\"><input size=\"40\" maxlength=\"400\" class=\"wpcf7-form-control wpcf7-text wpcf7-validates-as-required\" aria-required=\"true\" aria-invalid=\"false\" value=\"\" type=\"text\" name=\"nev\" \/><\/span> <\/label>\n<\/p>\n<p><label> Tanul\u00f3 beceneve<br \/>\n<span class=\"wpcf7-form-control-wrap\" data-name=\"becenev\"><input size=\"40\" maxlength=\"400\" class=\"wpcf7-form-control wpcf7-text\" aria-invalid=\"false\" value=\"\" type=\"text\" name=\"becenev\" \/><\/span> <\/label>\n<\/p>\n<p><label> Tanul\u00f3 telefonsz\u00e1ma<br \/>\n<span class=\"wpcf7-form-control-wrap\" data-name=\"gyerektel\"><input size=\"40\" maxlength=\"400\" class=\"wpcf7-form-control wpcf7-tel wpcf7-text wpcf7-validates-as-tel\" aria-invalid=\"false\" value=\"\" type=\"tel\" name=\"gyerektel\" \/><\/span> <\/label>\n<\/p>\n<p><label> Tanul\u00f3 email c\u00edme<br \/>\n<span class=\"wpcf7-form-control-wrap\" data-name=\"gyerekemailcim\"><input size=\"40\" maxlength=\"400\" class=\"wpcf7-form-control wpcf7-email wpcf7-text wpcf7-validates-as-email\" aria-invalid=\"false\" value=\"\" type=\"email\" name=\"gyerekemailcim\" \/><\/span> <\/label>\n<\/p>\n<p><label> Iskola \u00e9s oszt\u00e1ly (k\u00f6telez\u0151)<br \/>\n<span class=\"wpcf7-form-control-wrap\" data-name=\"iskolaosztaly\"><input size=\"40\" maxlength=\"400\" class=\"wpcf7-form-control wpcf7-text wpcf7-validates-as-required\" aria-required=\"true\" aria-invalid=\"false\" value=\"\" type=\"text\" name=\"iskolaosztaly\" \/><\/span> <\/label>\n<\/p>\n<p><label> \u00c9desanya neve<br \/>\n<span class=\"wpcf7-form-control-wrap\" data-name=\"anyanev\"><input size=\"40\" maxlength=\"400\" class=\"wpcf7-form-control wpcf7-text\" aria-invalid=\"false\" value=\"\" type=\"text\" name=\"anyanev\" \/><\/span> <\/label>\n<\/p>\n<p><label> \u00c9desanya email c\u00edme<br \/>\n<span class=\"wpcf7-form-control-wrap\" data-name=\"anyaemailcim\"><input size=\"40\" maxlength=\"400\" class=\"wpcf7-form-control wpcf7-email wpcf7-text wpcf7-validates-as-email\" aria-invalid=\"false\" value=\"\" type=\"email\" name=\"anyaemailcim\" \/><\/span> <\/label>\n<\/p>\n<p><label> \u00c9desanya telefonsz\u00e1ma<br \/>\n<span class=\"wpcf7-form-control-wrap\" data-name=\"anyatel\"><input size=\"40\" maxlength=\"400\" class=\"wpcf7-form-control wpcf7-tel wpcf7-text wpcf7-validates-as-tel\" aria-invalid=\"false\" value=\"\" type=\"tel\" name=\"anyatel\" \/><\/span> <\/label>\n<\/p>\n<p><label> \u00c9desaapa neve<br \/>\n<span class=\"wpcf7-form-control-wrap\" data-name=\"apanev\"><input size=\"40\" maxlength=\"400\" class=\"wpcf7-form-control wpcf7-text\" aria-invalid=\"false\" value=\"\" type=\"text\" name=\"apanev\" \/><\/span> <\/label>\n<\/p>\n<p><label> \u00c9desapa email c\u00edme<br \/>\n<span class=\"wpcf7-form-control-wrap\" data-name=\"apaemailcim\"><input size=\"40\" maxlength=\"400\" class=\"wpcf7-form-control wpcf7-email wpcf7-text wpcf7-validates-as-email\" aria-invalid=\"false\" value=\"\" type=\"email\" name=\"apaemailcim\" \/><\/span> <\/label>\n<\/p>\n<p><label> \u00c9desapa telefonsz\u00e1ma<br \/>\n<span class=\"wpcf7-form-control-wrap\" data-name=\"apatel\"><input size=\"40\" maxlength=\"400\" class=\"wpcf7-form-control wpcf7-tel wpcf7-text wpcf7-validates-as-tel\" aria-invalid=\"false\" value=\"\" type=\"tel\" name=\"apatel\" \/><\/span> <\/label>\n<\/p>\n<p><label> Mi\u00e9rt jelentkezett hozz\u00e1nk, mi a c\u00e9lja ebben a tan\u00e9vben? <\/label><br \/>\n<span class=\"wpcf7-form-control-wrap\" data-name=\"jelentkezesiok\"><input size=\"40\" maxlength=\"400\" class=\"wpcf7-form-control wpcf7-text\" aria-invalid=\"false\" value=\"\" type=\"text\" name=\"jelentkezesiok\" \/><\/span>\n<\/p>\n<p><label> Felv\u00e9telizik id\u00e9n, vagy j\u00f6v\u0151re? <\/label><br \/>\n<span class=\"wpcf7-form-control-wrap\" data-name=\"radio-137\"><span class=\"wpcf7-form-control wpcf7-radio\"><span class=\"wpcf7-list-item first\"><label><input type=\"radio\" name=\"radio-137\" value=\"Igen\" checked=\"checked\" \/><span class=\"wpcf7-list-item-label\">Igen<\/span><\/label><\/span><span class=\"wpcf7-list-item last\"><label><input type=\"radio\" name=\"radio-137\" value=\"Nem\" \/><span class=\"wpcf7-list-item-label\">Nem<\/span><\/label><\/span><\/span><\/span>\n<\/p>\n<p><label> Milyen tant\u00e1rgyakra van sz\u00fcks\u00e9ge? <\/label><br \/>\n<span class=\"wpcf7-form-control-wrap\" data-name=\"checkbox-189\"><span class=\"wpcf7-form-control wpcf7-checkbox\"><span class=\"wpcf7-list-item first\"><label><input type=\"checkbox\" name=\"checkbox-189[]\" value=\"Matematika\" \/><span class=\"wpcf7-list-item-label\">Mathematics<\/span><\/label><\/span><span class=\"wpcf7-list-item\"><label><input type=\"checkbox\" name=\"checkbox-189[]\" value=\"Magyar\" \/><span class=\"wpcf7-list-item-label\">Magyar<\/span><\/label><\/span><span class=\"wpcf7-list-item\"><label><input type=\"checkbox\" name=\"checkbox-189[]\" value=\"Fizika\" \/><span class=\"wpcf7-list-item-label\">Physics<\/span><\/label><\/span><span class=\"wpcf7-list-item\"><label><input type=\"checkbox\" name=\"checkbox-189[]\" value=\"K\u00e9mia\" \/><span class=\"wpcf7-list-item-label\">K\u00e9mia<\/span><\/label><\/span><span class=\"wpcf7-list-item last\"><label><input type=\"checkbox\" name=\"checkbox-189[]\" value=\"T\u00f6rt\u00e9nelem\" \/><span class=\"wpcf7-list-item-label\">T\u00f6rt\u00e9nelem<\/span><\/label><\/span><\/span><\/span>\n<\/p>\n<p><label> Honnan hallott r\u00f3lunk?<br \/>\n<span class=\"wpcf7-form-control-wrap\" data-name=\"honnanhallott\"><input size=\"40\" maxlength=\"400\" class=\"wpcf7-form-control wpcf7-text\" aria-invalid=\"false\" value=\"\" type=\"text\" name=\"honnanhallott\" \/><\/span> <\/label>\n<\/p>\n<p><label> Szaml\u00e1z\u00e1si n\u00e9v (mag\u00e1nszem\u00e9ly, k\u00f6telez\u0151)<br \/>\n<span class=\"wpcf7-form-control-wrap\" data-name=\"szamlanev\"><input size=\"40\" maxlength=\"400\" class=\"wpcf7-form-control wpcf7-text wpcf7-validates-as-required\" aria-required=\"true\" aria-invalid=\"false\" value=\"\" type=\"text\" name=\"szamlanev\" \/><\/span> <\/label>\n<\/p>\n<p><label> Szaml\u00e1z\u00e1si email c\u00edm (k\u00f6telez\u0151)<br \/>\n<span class=\"wpcf7-form-control-wrap\" data-name=\"szamlaemailcim\"><input size=\"40\" maxlength=\"400\" class=\"wpcf7-form-control wpcf7-email wpcf7-validates-as-required wpcf7-text wpcf7-validates-as-email\" aria-required=\"true\" aria-invalid=\"false\" value=\"\" type=\"email\" name=\"szamlaemailcim\" \/><\/span> <\/label>\n<\/p>\n<p><label> Szaml\u00e1z\u00e1si ir\u00e1ny\u00edt\u00f3sz\u00e1m (k\u00f6telez\u0151)<br \/>\n<span class=\"wpcf7-form-control-wrap\" data-name=\"szamlairszam\"><input class=\"wpcf7-form-control wpcf7-number wpcf7-validates-as-required wpcf7-validates-as-number\" min=\"1000\" max=\"9999\" aria-required=\"true\" aria-invalid=\"false\" value=\"\" type=\"number\" name=\"szamlairszam\" \/><\/span> <\/label>\n<\/p>\n<p><label> Szaml\u00e1z\u00e1si v\u00e1ros (k\u00f6telez\u0151)<br \/>\n<span class=\"wpcf7-form-control-wrap\" data-name=\"szamlavaros\"><input size=\"40\" maxlength=\"400\" class=\"wpcf7-form-control wpcf7-text wpcf7-validates-as-required\" aria-required=\"true\" aria-invalid=\"false\" value=\"\" type=\"text\" name=\"szamlavaros\" \/><\/span> <\/label>\n<\/p>\n<p><label> Szaml\u00e1z\u00e1si c\u00edm (utca, h\u00e1zsz\u00e1m, k\u00f6telez\u0151)<br \/>\n<span class=\"wpcf7-form-control-wrap\" data-name=\"szamlacim\"><input size=\"40\" maxlength=\"400\" class=\"wpcf7-form-control wpcf7-text wpcf7-validates-as-required\" aria-required=\"true\" aria-invalid=\"false\" value=\"\" type=\"text\" name=\"szamlacim\" \/><\/span> <\/label>\n<\/p>\n<p><label> Allergi\u00e1s a tanul\u00f3 valamire? Ha igen, mire?<br \/>\n<span class=\"wpcf7-form-control-wrap\" data-name=\"allergia\"><input size=\"40\" maxlength=\"400\" class=\"wpcf7-form-control wpcf7-text\" aria-invalid=\"false\" value=\"\" type=\"text\" name=\"allergia\" \/><\/span> <\/label>\n<\/p>\n<p><label> Other comment<br \/>\n<span class=\"wpcf7-form-control-wrap\" data-name=\"megjegyzes\"><textarea cols=\"40\" rows=\"10\" maxlength=\"2000\" class=\"wpcf7-form-control wpcf7-textarea\" aria-invalid=\"false\" name=\"megjegyzes\"><\/textarea><\/span> <\/label>\n<\/p>\n<p><label> I accept the <a href=\"\/en\/adatkezelesi-tajekoztato\/\" target=\"_blank\">Privacy Policy<\/a> (required).<br \/>\n<span class=\"wpcf7-form-control-wrap\" data-name=\"acceptance-383\"><span class=\"wpcf7-form-control wpcf7-acceptance\"><span class=\"wpcf7-list-item\"><input type=\"checkbox\" name=\"acceptance-383\" value=\"1\" aria-invalid=\"false\" \/><\/span><\/span><\/span><\/label>\n<\/p>\n<p><input class=\"wpcf7-form-control wpcf7-submit has-spinner\" type=\"submit\" value=\"Send to\" \/>\n<\/p><div class=\"wpcf7-response-output\" aria-hidden=\"true\"><\/div>\n<input type=\"hidden\" name=\"trp-form-language\" value=\"en\"\/><\/form>\n<\/div>","protected":false},"excerpt":{"rendered":"<p>Az al\u00e1bbi \u0171rlapon adja meg adatait, miel\u0151tt els\u0151 alkalommal j\u00f6n hozz\u00e1nk, vagy ha b\u00e1rmi v\u00e1ltoz\u00e1s [&hellip;]<\/p>\n","protected":false},"author":1,"featured_media":0,"parent":0,"menu_order":0,"comment_status":"closed","ping_status":"closed","template":"","meta":{"_acf_changed":false,"_monsterinsights_skip_tracking":false,"_monsterinsights_sitenote_active":false,"_monsterinsights_sitenote_note":"","_monsterinsights_sitenote_category":0,"footnotes":""},"class_list":["post-7341","page","type-page","status-publish","hentry"],"acf":[],"_links":{"self":[{"href":"https:\/\/www.obudamatek.hu\/en\/wp-json\/wp\/v2\/pages\/7341","targetHints":{"allow":["GET"]}}],"collection":[{"href":"https:\/\/www.obudamatek.hu\/en\/wp-json\/wp\/v2\/pages"}],"about":[{"href":"https:\/\/www.obudamatek.hu\/en\/wp-json\/wp\/v2\/types\/page"}],"author":[{"embeddable":true,"href":"https:\/\/www.obudamatek.hu\/en\/wp-json\/wp\/v2\/users\/1"}],"replies":[{"embeddable":true,"href":"https:\/\/www.obudamatek.hu\/en\/wp-json\/wp\/v2\/comments?post=7341"}],"version-history":[{"count":2,"href":"https:\/\/www.obudamatek.hu\/en\/wp-json\/wp\/v2\/pages\/7341\/revisions"}],"predecessor-version":[{"id":7343,"href":"https:\/\/www.obudamatek.hu\/en\/wp-json\/wp\/v2\/pages\/7341\/revisions\/7343"}],"wp:attachment":[{"href":"https:\/\/www.obudamatek.hu\/en\/wp-json\/wp\/v2\/media?parent=7341"}],"curies":[{"name":"wp","href":"https:\/\/api.w.org\/{rel}","templated":true}]}}