{"id":80,"date":"2019-01-16T15:25:20","date_gmt":"2019-01-16T15:25:20","guid":{"rendered":"http:\/\/s16.tarhely.com\/~obudamat\/?page_id=80"},"modified":"2024-10-20T18:22:57","modified_gmt":"2024-10-20T18:22:57","slug":"rolunk2","status":"publish","type":"page","link":"https:\/\/www.obudamatek.hu\/en\/rolunk2\/","title":{"rendered":"L\u00e9pj be a Thal\u00e9sz k\u00f6rbe2!"},"content":{"rendered":"<p>A secondary school preparation centre run by two teachers, mainly in maths and Hungarian, in \u00d3BUDA, near FL\u00d3RI\u00c1N Square.<\/p>\n<p>&nbsp;<\/p>\n<p>&nbsp;<\/p>\n<p>&nbsp;<\/p>\n<p>&nbsp;<\/p>\n<p>&nbsp;<\/p>\n\n\n<figure class=\"wp-block-table is-style-stripes\"><table><tbody><tr><td>1.\u00a0<strong>Mathematics\u00a0<\/strong>and\u00a0<strong>Hungarian grammar and literature\u00a0<\/strong>preparatory secondary school in small groups of 3\u00a0<br><br>2.\u00a0<strong>Tutoring\u00a0<\/strong><br>-Mathematics\u00a0<br>-Physics\u00a0<br>-Chemistry\u00a0<br>-History\u00a0<br>-Hungarian grammar and literature\u00a0<br><br>in any combination of subjects with specialist teachers (small groups of 3).\u00a0<br><br>Apply soon, because the time until admission is very short and places will fill up quickly!\u00a0<br><br>Times: on weekdays from 14:00 to 18:00,\u00a0<br>on Saturdays 8:45-11:00 and 11:15-13:30 (3-3 lessons).\u00a0<br><br>3.\u00a0<strong>Opportunity to correct\u00a0<\/strong>in the other subjects (your average is also very important, not just a good written test in January). On the <a href=\"https:\/\/uj.obudamatek.hu\/arak\/\">Prices<\/a> page you can find out about our hourly rates.<\/td><\/tr><tr><\/tr><\/tbody><\/table><\/figure>\n\n\n\n<div class=\"wp-block-button aligncenter\"><a class=\"wp-block-button__link\" href=\"\/en\/jelentkezes\/\">Sign up<\/a><\/div>","protected":false},"excerpt":{"rendered":"<p>K\u00f6z\u00e9piskolai felk\u00e9sz\u00edt\u0151 centrum k\u00e9t szaktan\u00e1r ir\u00e1ny\u00edt\u00e1s\u00e1val els\u0151sorban matekb\u00f3l \u00e9s magyarb\u00f3l \u00d3BUD\u00c1N, a FL\u00d3RI\u00c1N t\u00e9r k\u00f6zel\u00e9ben. [&hellip;]<\/p>\n","protected":false},"author":1,"featured_media":33801,"parent":0,"menu_order":0,"comment_status":"closed","ping_status":"closed","template":"","meta":{"_acf_changed":false,"_monsterinsights_skip_tracking":false,"_monsterinsights_sitenote_active":false,"_monsterinsights_sitenote_note":"","_monsterinsights_sitenote_category":0,"footnotes":""},"class_list":["post-80","page","type-page","status-publish","has-post-thumbnail","hentry"],"acf":[],"_links":{"self":[{"href":"https:\/\/www.obudamatek.hu\/en\/wp-json\/wp\/v2\/pages\/80","targetHints":{"allow":["GET"]}}],"collection":[{"href":"https:\/\/www.obudamatek.hu\/en\/wp-json\/wp\/v2\/pages"}],"about":[{"href":"https:\/\/www.obudamatek.hu\/en\/wp-json\/wp\/v2\/types\/page"}],"author":[{"embeddable":true,"href":"https:\/\/www.obudamatek.hu\/en\/wp-json\/wp\/v2\/users\/1"}],"replies":[{"embeddable":true,"href":"https:\/\/www.obudamatek.hu\/en\/wp-json\/wp\/v2\/comments?post=80"}],"version-history":[{"count":30,"href":"https:\/\/www.obudamatek.hu\/en\/wp-json\/wp\/v2\/pages\/80\/revisions"}],"predecessor-version":[{"id":33819,"href":"https:\/\/www.obudamatek.hu\/en\/wp-json\/wp\/v2\/pages\/80\/revisions\/33819"}],"wp:featuredmedia":[{"embeddable":true,"href":"https:\/\/www.obudamatek.hu\/en\/wp-json\/wp\/v2\/media\/33801"}],"wp:attachment":[{"href":"https:\/\/www.obudamatek.hu\/en\/wp-json\/wp\/v2\/media?parent=80"}],"curies":[{"name":"wp","href":"https:\/\/api.w.org\/{rel}","templated":true}]}}