{"id":22523,"date":"2023-12-30T10:38:36","date_gmt":"2023-12-30T10:38:36","guid":{"rendered":"https:\/\/www.obudamatek.hu\/?post_type=product&#038;p=22523"},"modified":"2025-12-19T17:31:38","modified_gmt":"2025-12-19T17:31:38","slug":"pontvadaszat-kidolgozassal","status":"publish","type":"product","link":"https:\/\/www.obudamatek.hu\/en\/product\/pontvadaszat-kidolgozassal\/","title":{"rendered":"POINT HUNT in one subject (based on the corrected written paper), including elaboration"},"content":{"rendered":"<p><strong>\u00c9szrev\u00e9tel a k\u00f6zponti \u00edr\u00e1sbeli felv\u00e9teli vizsga feladatlapj\u00e1nak jav\u00edt\u00e1s\u00e1val kapcsolatban<\/strong> javaslat megfogalmaz\u00e1sa egy t\u00e1rgyb\u00f3l a befot\u00f3zott, kijav\u00edtott feladatlap alapj\u00e1n. A sz\u00f6vegszer\u0171 megfogalmaz\u00e1st is tartalmazza az \u00e1r.<\/p>","protected":false},"excerpt":{"rendered":"<p>\u00c9szrev\u00e9tel a k\u00f6zponti \u00edr\u00e1sbeli felv\u00e9teli vizsga feladatlapj\u00e1nak jav\u00edt\u00e1s\u00e1val kapcsolatban javaslat megfogalmaz\u00e1sa egy t\u00e1rgyb\u00f3l a befot\u00f3zott, [&hellip;]<\/p>\n","protected":false},"featured_media":35452,"comment_status":"closed","ping_status":"closed","template":"","meta":{"_acf_changed":false,"_monsterinsights_skip_tracking":false,"_monsterinsights_sitenote_active":false,"_monsterinsights_sitenote_note":"","_monsterinsights_sitenote_category":0},"product_brand":[],"product_cat":[22],"product_tag":[],"class_list":{"0":"post-22523","1":"product","2":"type-product","3":"status-publish","4":"has-post-thumbnail","6":"product_cat-egyeb","8":"first","9":"instock","10":"virtual","11":"purchasable","12":"product-type-simple"},"acf":[],"_links":{"self":[{"href":"https:\/\/www.obudamatek.hu\/en\/wp-json\/wp\/v2\/product\/22523","targetHints":{"allow":["GET"]}}],"collection":[{"href":"https:\/\/www.obudamatek.hu\/en\/wp-json\/wp\/v2\/product"}],"about":[{"href":"https:\/\/www.obudamatek.hu\/en\/wp-json\/wp\/v2\/types\/product"}],"replies":[{"embeddable":true,"href":"https:\/\/www.obudamatek.hu\/en\/wp-json\/wp\/v2\/comments?post=22523"}],"wp:featuredmedia":[{"embeddable":true,"href":"https:\/\/www.obudamatek.hu\/en\/wp-json\/wp\/v2\/media\/35452"}],"wp:attachment":[{"href":"https:\/\/www.obudamatek.hu\/en\/wp-json\/wp\/v2\/media?parent=22523"}],"wp:term":[{"taxonomy":"product_brand","embeddable":true,"href":"https:\/\/www.obudamatek.hu\/en\/wp-json\/wp\/v2\/product_brand?post=22523"},{"taxonomy":"product_cat","embeddable":true,"href":"https:\/\/www.obudamatek.hu\/en\/wp-json\/wp\/v2\/product_cat?post=22523"},{"taxonomy":"product_tag","embeddable":true,"href":"https:\/\/www.obudamatek.hu\/en\/wp-json\/wp\/v2\/product_tag?post=22523"}],"curies":[{"name":"wp","href":"https:\/\/api.w.org\/{rel}","templated":true}]}}