{"id":29061,"date":"2024-05-07T11:04:13","date_gmt":"2024-05-07T11:04:13","guid":{"rendered":"https:\/\/www.obudamatek.hu\/?post_type=product&#038;p=29061"},"modified":"2024-08-10T09:20:45","modified_gmt":"2024-08-10T09:20:45","slug":"meltanyossagi","status":"publish","type":"product","link":"https:\/\/www.obudamatek.hu\/en\/product\/meltanyossagi\/","title":{"rendered":"M\u00e9lt\u00e1nyoss\u00e1gi k\u00e9relem konzult\u00e1ci\u00f3 (kieg\u00e9sz\u00edt\u00e9s, javaslat)"},"content":{"rendered":"<p>M\u00e9lt\u00e1nyoss\u00e1gi k\u00e9relem \u00e1tn\u00e9z\u00e9se, kieg\u00e9sz\u00edt\u00e9se, javaslat.<\/p>\n<p>Az e-mailben sz\u00fcl\u0151 \u00e1ltal \u00e1tk\u00fcld\u00f6tt felk\u00e9sz m\u00e9lt\u00e1nyoss\u00e1gi k\u00e9relmet kinyomtatva v\u00e9lem\u00e9nyezz\u00fck (r\u00e1\u00edrunk) \u00e9s fot\u00f3zva k\u00fcldj\u00fck vissza.<\/p>\n<p>Egy max. 10 perces telefonos konzult\u00e1ci\u00f3t is lehet k\u00e9rni a jav\u00edt\u00e1ssal kapcsolatban.<\/p>\n<p>A m\u00e9lt\u00e1nyoss\u00e1gi k\u00e9relmeket 3 munkanapon bel\u00fcl k\u00fcldj\u00fck vissza (\u00e1ltal\u00e1ban m\u00e1snap).<\/p>","protected":false},"excerpt":{"rendered":"<p>M\u00e9lt\u00e1nyoss\u00e1gi k\u00e9relem \u00e1tn\u00e9z\u00e9se, kieg\u00e9sz\u00edt\u00e9se, javaslat. Az e-mailben sz\u00fcl\u0151 \u00e1ltal \u00e1tk\u00fcld\u00f6tt felk\u00e9sz m\u00e9lt\u00e1nyoss\u00e1gi k\u00e9relmet kinyomtatva v\u00e9lem\u00e9nyezz\u00fck [&hellip;]<\/p>\n","protected":false},"featured_media":1074,"comment_status":"closed","ping_status":"closed","template":"","meta":{"_acf_changed":false,"_monsterinsights_skip_tracking":false,"_monsterinsights_sitenote_active":false,"_monsterinsights_sitenote_note":"","_monsterinsights_sitenote_category":0},"product_brand":[],"product_cat":[22],"product_tag":[],"class_list":{"0":"post-29061","1":"product","2":"type-product","3":"status-publish","4":"has-post-thumbnail","6":"product_cat-egyeb","8":"first","9":"instock","10":"virtual","11":"purchasable","12":"product-type-simple"},"acf":[],"_links":{"self":[{"href":"https:\/\/www.obudamatek.hu\/en\/wp-json\/wp\/v2\/product\/29061","targetHints":{"allow":["GET"]}}],"collection":[{"href":"https:\/\/www.obudamatek.hu\/en\/wp-json\/wp\/v2\/product"}],"about":[{"href":"https:\/\/www.obudamatek.hu\/en\/wp-json\/wp\/v2\/types\/product"}],"replies":[{"embeddable":true,"href":"https:\/\/www.obudamatek.hu\/en\/wp-json\/wp\/v2\/comments?post=29061"}],"wp:featuredmedia":[{"embeddable":true,"href":"https:\/\/www.obudamatek.hu\/en\/wp-json\/wp\/v2\/media\/1074"}],"wp:attachment":[{"href":"https:\/\/www.obudamatek.hu\/en\/wp-json\/wp\/v2\/media?parent=29061"}],"wp:term":[{"taxonomy":"product_brand","embeddable":true,"href":"https:\/\/www.obudamatek.hu\/en\/wp-json\/wp\/v2\/product_brand?post=29061"},{"taxonomy":"product_cat","embeddable":true,"href":"https:\/\/www.obudamatek.hu\/en\/wp-json\/wp\/v2\/product_cat?post=29061"},{"taxonomy":"product_tag","embeddable":true,"href":"https:\/\/www.obudamatek.hu\/en\/wp-json\/wp\/v2\/product_tag?post=29061"}],"curies":[{"name":"wp","href":"https:\/\/api.w.org\/{rel}","templated":true}]}}