{"id":7409,"date":"2023-01-10T13:05:19","date_gmt":"2023-01-10T13:05:19","guid":{"rendered":"https:\/\/www.obudamatek.hu\/?post_type=product&#038;p=7409"},"modified":"2023-01-10T13:08:42","modified_gmt":"2023-01-10T13:08:42","slug":"korai-kezdesi-felar-10-alkalom","status":"publish","type":"product","link":"https:\/\/www.obudamatek.hu\/en\/product\/korai-kezdesi-felar-10-alkalom\/","title":{"rendered":"Korai kezd\u00e9si fel\u00e1r, 10 alkalom"},"content":{"rendered":"<p>10 korai kezd\u00e9s\u0171 tan\u00f3ra hallgat\u00e1s\u00e1ra feljogos\u00edt\u00f3 kieg\u00e9sz\u00edt\u0151 b\u00e9rlet a Thal\u00e9sz-k\u00f6rben.<\/p>","protected":false},"excerpt":{"rendered":"<p>10 korai kezd\u00e9s\u0171 tan\u00f3ra hallgat\u00e1s\u00e1ra feljogos\u00edt\u00f3 kieg\u00e9sz\u00edt\u0151 b\u00e9rlet a Thal\u00e9sz-k\u00f6rben.<\/p>","protected":false},"featured_media":1074,"comment_status":"closed","ping_status":"closed","template":"","meta":{"_acf_changed":false,"_monsterinsights_skip_tracking":false,"_monsterinsights_sitenote_active":false,"_monsterinsights_sitenote_note":"","_monsterinsights_sitenote_category":0},"product_brand":[],"product_cat":[23],"product_tag":[],"class_list":{"0":"post-7409","1":"product","2":"type-product","3":"status-publish","4":"has-post-thumbnail","6":"product_cat-oktatas","8":"first","9":"instock","10":"shipping-taxable","11":"purchasable","12":"product-type-simple"},"acf":[],"_links":{"self":[{"href":"https:\/\/www.obudamatek.hu\/en\/wp-json\/wp\/v2\/product\/7409","targetHints":{"allow":["GET"]}}],"collection":[{"href":"https:\/\/www.obudamatek.hu\/en\/wp-json\/wp\/v2\/product"}],"about":[{"href":"https:\/\/www.obudamatek.hu\/en\/wp-json\/wp\/v2\/types\/product"}],"replies":[{"embeddable":true,"href":"https:\/\/www.obudamatek.hu\/en\/wp-json\/wp\/v2\/comments?post=7409"}],"wp:featuredmedia":[{"embeddable":true,"href":"https:\/\/www.obudamatek.hu\/en\/wp-json\/wp\/v2\/media\/1074"}],"wp:attachment":[{"href":"https:\/\/www.obudamatek.hu\/en\/wp-json\/wp\/v2\/media?parent=7409"}],"wp:term":[{"taxonomy":"product_brand","embeddable":true,"href":"https:\/\/www.obudamatek.hu\/en\/wp-json\/wp\/v2\/product_brand?post=7409"},{"taxonomy":"product_cat","embeddable":true,"href":"https:\/\/www.obudamatek.hu\/en\/wp-json\/wp\/v2\/product_cat?post=7409"},{"taxonomy":"product_tag","embeddable":true,"href":"https:\/\/www.obudamatek.hu\/en\/wp-json\/wp\/v2\/product_tag?post=7409"}],"curies":[{"name":"wp","href":"https:\/\/api.w.org\/{rel}","templated":true}]}}