{"id":9303,"date":"2023-02-16T07:49:06","date_gmt":"2023-02-16T07:49:06","guid":{"rendered":"https:\/\/www.obudamatek.hu\/?post_type=product&#038;p=9303"},"modified":"2025-06-19T11:56:00","modified_gmt":"2025-06-19T11:56:00","slug":"10-tanoras-normal-berlet","status":"publish","type":"product","link":"https:\/\/www.obudamatek.hu\/en\/product\/10-tanoras-normal-berlet\/","title":{"rendered":"10 lesson normal pass"},"content":{"rendered":"<p>10 tan\u00f3r\u00e1n val\u00f3 r\u00e9szv\u00e9telre feljogos\u00edt\u00f3 b\u00e9rlet a Thal\u00e9sz k\u00f6rben. Egy tan\u00f3ra hossza 45 perc.<\/p>","protected":false},"excerpt":{"rendered":"<p>10 tan\u00f3r\u00e1n val\u00f3 r\u00e9szv\u00e9telre feljogos\u00edt\u00f3 b\u00e9rlet a Thal\u00e9sz k\u00f6rben. Egy tan\u00f3ra hossza 45 perc.<\/p>","protected":false},"featured_media":29814,"comment_status":"open","ping_status":"closed","template":"","meta":{"_acf_changed":false,"_monsterinsights_skip_tracking":false,"_monsterinsights_sitenote_active":false,"_monsterinsights_sitenote_note":"","_monsterinsights_sitenote_category":0},"product_brand":[],"product_cat":[23],"product_tag":[],"class_list":{"0":"post-9303","1":"product","2":"type-product","3":"status-publish","4":"has-post-thumbnail","6":"product_cat-oktatas","8":"first","9":"instock","10":"virtual","11":"purchasable","12":"product-type-simple"},"acf":[],"_links":{"self":[{"href":"https:\/\/www.obudamatek.hu\/en\/wp-json\/wp\/v2\/product\/9303","targetHints":{"allow":["GET"]}}],"collection":[{"href":"https:\/\/www.obudamatek.hu\/en\/wp-json\/wp\/v2\/product"}],"about":[{"href":"https:\/\/www.obudamatek.hu\/en\/wp-json\/wp\/v2\/types\/product"}],"replies":[{"embeddable":true,"href":"https:\/\/www.obudamatek.hu\/en\/wp-json\/wp\/v2\/comments?post=9303"}],"wp:featuredmedia":[{"embeddable":true,"href":"https:\/\/www.obudamatek.hu\/en\/wp-json\/wp\/v2\/media\/29814"}],"wp:attachment":[{"href":"https:\/\/www.obudamatek.hu\/en\/wp-json\/wp\/v2\/media?parent=9303"}],"wp:term":[{"taxonomy":"product_brand","embeddable":true,"href":"https:\/\/www.obudamatek.hu\/en\/wp-json\/wp\/v2\/product_brand?post=9303"},{"taxonomy":"product_cat","embeddable":true,"href":"https:\/\/www.obudamatek.hu\/en\/wp-json\/wp\/v2\/product_cat?post=9303"},{"taxonomy":"product_tag","embeddable":true,"href":"https:\/\/www.obudamatek.hu\/en\/wp-json\/wp\/v2\/product_tag?post=9303"}],"curies":[{"name":"wp","href":"https:\/\/api.w.org\/{rel}","templated":true}]}}